{"id":2490,"date":"2025-12-12T05:05:44","date_gmt":"2025-12-12T05:05:44","guid":{"rendered":"https:\/\/shopxclusive.shop\/?post_type=product&#038;p=2490"},"modified":"2025-12-17T14:08:36","modified_gmt":"2025-12-17T14:08:36","slug":"songmics-ejjeliszekreny-toltoallomassal-3-fiokkal-2-halozati-aljzattal-es-2-usb-porttal-modern-kisasztal-haloszobaba-vagy-nappaliba","status":"publish","type":"product","link":"https:\/\/shopxclusive.shop\/es\/producto\/songmics-ejjeliszekreny-toltoallomassal-3-fiokkal-2-halozati-aljzattal-es-2-usb-porttal-modern-kisasztal-haloszobaba-vagy-nappaliba\/","title":{"rendered":"SONGMICS es un sistema de audio de alta calidad - 3 auriculares, 2 botones, 2 puertos USB"},"content":{"rendered":"<p><img fetchpriority=\"high\" decoding=\"async\" src=\"https:\/\/newbotaybe.shop\/wp-content\/uploads\/2025\/10\/517tI5ZZMiL._AC_SL1500_-1-816x1024.jpg\" sizes=\"(max-width: 816px) 100vw, 816px\" srcset=\"https:\/\/newbotaybe.shop\/wp-content\/uploads\/2025\/10\/517tI5ZZMiL._AC_SL1500_-1-816x1024.jpg 816w, https:\/\/newbotaybe.shop\/wp-content\/uploads\/2025\/10\/517tI5ZZMiL._AC_SL1500_-1-239x300.jpg 239w, https:\/\/newbotaybe.shop\/wp-content\/uploads\/2025\/10\/517tI5ZZMiL._AC_SL1500_-1-768x964.jpg 768w, https:\/\/newbotaybe.shop\/wp-content\/uploads\/2025\/10\/517tI5ZZMiL._AC_SL1500_-1-10x12.jpg 10w, https:\/\/newbotaybe.shop\/wp-content\/uploads\/2025\/10\/517tI5ZZMiL._AC_SL1500_-1-60x75.jpg 60w, https:\/\/newbotaybe.shop\/wp-content\/uploads\/2025\/10\/517tI5ZZMiL._AC_SL1500_-1-110x138.jpg 110w, https:\/\/newbotaybe.shop\/wp-content\/uploads\/2025\/10\/517tI5ZZMiL._AC_SL1500_-1-600x753.jpg 600w, https:\/\/newbotaybe.shop\/wp-content\/uploads\/2025\/10\/517tI5ZZMiL._AC_SL1500_-1-130x163.jpg 130w, https:\/\/newbotaybe.shop\/wp-content\/uploads\/2025\/10\/517tI5ZZMiL._AC_SL1500_-1.jpg 1014w\" alt=\"\" width=\"816\" height=\"1024\" \/><br \/>\n<img decoding=\"async\" src=\"https:\/\/newbotaybe.shop\/wp-content\/uploads\/2025\/12\/2-3-1024x1024.png\" sizes=\"(max-width: 1024px) 100vw, 1024px\" srcset=\"https:\/\/newbotaybe.shop\/wp-content\/uploads\/2025\/12\/2-3-1024x1024.png 1024w, https:\/\/newbotaybe.shop\/wp-content\/uploads\/2025\/12\/2-3-300x300.png 300w, https:\/\/newbotaybe.shop\/wp-content\/uploads\/2025\/12\/2-3-150x150.png 150w, https:\/\/newbotaybe.shop\/wp-content\/uploads\/2025\/12\/2-3-768x768.png 768w, https:\/\/newbotaybe.shop\/wp-content\/uploads\/2025\/12\/2-3-1536x1536.png 1536w, https:\/\/newbotaybe.shop\/wp-content\/uploads\/2025\/12\/2-3-12x12.png 12w, https:\/\/newbotaybe.shop\/wp-content\/uploads\/2025\/12\/2-3-60x60.png 60w, https:\/\/newbotaybe.shop\/wp-content\/uploads\/2025\/12\/2-3-110x110.png 110w, https:\/\/newbotaybe.shop\/wp-content\/uploads\/2025\/12\/2-3-600x600.png 600w, https:\/\/newbotaybe.shop\/wp-content\/uploads\/2025\/12\/2-3-130x130.png 130w, https:\/\/newbotaybe.shop\/wp-content\/uploads\/2025\/12\/2-3.png 2048w\" alt=\"\" width=\"1024\" height=\"1024\" \/><br \/>\n<img title=\"\" alt=\"1\" \/><br \/>\n<img decoding=\"async\" src=\"https:\/\/newbotaybe.shop\/wp-content\/uploads\/2025\/10\/71y6IFfCsHL._AC_SL1500_-1024x1024.jpg\" sizes=\"(max-width: 1024px) 100vw, 1024px\" srcset=\"https:\/\/newbotaybe.shop\/wp-content\/uploads\/2025\/10\/71y6IFfCsHL._AC_SL1500_-1024x1024.jpg 1024w, https:\/\/newbotaybe.shop\/wp-content\/uploads\/2025\/10\/71y6IFfCsHL._AC_SL1500_-300x300.jpg 300w, https:\/\/newbotaybe.shop\/wp-content\/uploads\/2025\/10\/71y6IFfCsHL._AC_SL1500_-150x150.jpg 150w, https:\/\/newbotaybe.shop\/wp-content\/uploads\/2025\/10\/71y6IFfCsHL._AC_SL1500_-768x768.jpg 768w, https:\/\/newbotaybe.shop\/wp-content\/uploads\/2025\/10\/71y6IFfCsHL._AC_SL1500_-12x12.jpg 12w, https:\/\/newbotaybe.shop\/wp-content\/uploads\/2025\/10\/71y6IFfCsHL._AC_SL1500_-60x60.jpg 60w, https:\/\/newbotaybe.shop\/wp-content\/uploads\/2025\/10\/71y6IFfCsHL._AC_SL1500_-110x110.jpg 110w, https:\/\/newbotaybe.shop\/wp-content\/uploads\/2025\/10\/71y6IFfCsHL._AC_SL1500_-600x600.jpg 600w, https:\/\/newbotaybe.shop\/wp-content\/uploads\/2025\/10\/71y6IFfCsHL._AC_SL1500_-130x130.jpg 130w, https:\/\/newbotaybe.shop\/wp-content\/uploads\/2025\/10\/71y6IFfCsHL._AC_SL1500_.jpg 1500w\" alt=\"\" width=\"1024\" height=\"1024\" \/><\/p>\n<ul>\n<li>Conector USB - El conector USB del port\u00e1til incluye 2 puertos USB, 1 puerto USB A y 1 puerto USB C. El conector USB A y 1 puerto USB C son compatibles. Con una capacidad de 2 metros (6,5 lb), es ideal para tel\u00e9fonos m\u00f3viles, iPhone, iPad, ordenadores port\u00e1tiles y tabletas.\n<p>T\u00e1rol\u00f3fi\u00f3kok - Rendezze el holmij\u00e1t a 3 k\u00f6nnyen nyithat\u00f3 fi\u00f3kkal. T\u00f6k\u00e9letes olvas\u00f3szem\u00fcvegek, k\u00f6nyvek \u00e9s egy\u00e9b t\u00e1rgyak t\u00e1rol\u00e1s\u00e1ra.<\/li>\n<\/ul>","protected":false},"excerpt":{"rendered":"<p>Be\u00e9p\u00edtett csatlakoz\u00f3k &#8211; A fi\u00f3kok tetej\u00e9be \u00e9p\u00edtett t\u00e1pegys\u00e9g 2 szabv\u00e1nyos brit csatlakoz\u00f3val, 1 USB A \u00e9s 1 USB C porttal. A 2 m\u00e9teres (6,5 l\u00e1b) k\u00e1bellel k\u00e9nyelmesen felt\u00f6ltheti mobiltelefonj\u00e1t, iPhone-j\u00e1t, iPadj\u00e9t, laptopj\u00e1t \u00e9s tabletj\u00e9t az \u00e1gy\u00e1b\u00f3l. T\u00e1rol\u00f3fi\u00f3kok &#8211; Rendezze el holmij\u00e1t a 3 k\u00f6nnyen nyithat\u00f3 fi\u00f3kkal. T\u00f6k\u00e9letes olvas\u00f3szem\u00fcvegek, k\u00f6nyvek \u00e9s egy\u00e9b t\u00e1rgyak t\u00e1rol\u00e1s\u00e1ra.<\/p>","protected":false},"featured_media":2495,"comment_status":"open","ping_status":"closed","template":"","meta":{"_acf_changed":false},"product_brand":[],"product_cat":[54],"product_tag":[],"class_list":{"0":"post-2490","1":"product","2":"type-product","3":"status-publish","4":"has-post-thumbnail","6":"product_cat-best-seller","8":"first","9":"instock","10":"sale","11":"shipping-taxable","12":"purchasable","13":"product-type-variable","14":"has-default-attributes","15":"wvs-archive-product-wrapper"},"acf":[],"_links":{"self":[{"href":"https:\/\/shopxclusive.shop\/es\/wp-json\/wp\/v2\/product\/2490","targetHints":{"allow":["GET"]}}],"collection":[{"href":"https:\/\/shopxclusive.shop\/es\/wp-json\/wp\/v2\/product"}],"about":[{"href":"https:\/\/shopxclusive.shop\/es\/wp-json\/wp\/v2\/types\/product"}],"replies":[{"embeddable":true,"href":"https:\/\/shopxclusive.shop\/es\/wp-json\/wp\/v2\/comments?post=2490"}],"version-history":[{"count":0,"href":"https:\/\/shopxclusive.shop\/es\/wp-json\/wp\/v2\/product\/2490\/revisions"}],"wp:featuredmedia":[{"embeddable":true,"href":"https:\/\/shopxclusive.shop\/es\/wp-json\/wp\/v2\/media\/2495"}],"wp:attachment":[{"href":"https:\/\/shopxclusive.shop\/es\/wp-json\/wp\/v2\/media?parent=2490"}],"wp:term":[{"taxonomy":"product_brand","embeddable":true,"href":"https:\/\/shopxclusive.shop\/es\/wp-json\/wp\/v2\/product_brand?post=2490"},{"taxonomy":"product_cat","embeddable":true,"href":"https:\/\/shopxclusive.shop\/es\/wp-json\/wp\/v2\/product_cat?post=2490"},{"taxonomy":"product_tag","embeddable":true,"href":"https:\/\/shopxclusive.shop\/es\/wp-json\/wp\/v2\/product_tag?post=2490"}],"curies":[{"name":"wp","href":"https:\/\/api.w.org\/{rel}","templated":true}]}}