{"id":2608,"date":"2025-12-19T04:10:11","date_gmt":"2025-12-19T04:10:11","guid":{"rendered":"https:\/\/shopxclusive.shop\/?post_type=product&#038;p=2608"},"modified":"2025-12-19T12:02:09","modified_gmt":"2025-12-19T12:02:09","slug":"redhut-kezihordhato-gozmosogep-feszultsegu-tobbszintu-gozmosogep-12-melleklettel-padlo-konyhai-es-otthoni-tisztitashoz","status":"publish","type":"product","link":"https:\/\/shopxclusive.shop\/es\/producto\/redhut-kezihordhato-gozmosogep-feszultsegu-tobbszintu-gozmosogep-12-melleklettel-padlo-konyhai-es-otthoni-tisztitashoz\/","title":{"rendered":"Redhut Kezihordhat\u00f3 G\u0151zmos\u00f3g\u00e9p - Fesz\u00fclts\u00e9g\u0171 T\u00f6bbszint\u0171 G\u0151zmos\u00f3g\u00e9p 12 Mell\u00e9klettel Padl\u00f3-, Konyhai \u00e9s Otthoni Tiszt\u00edt\u00e1shoz"},"content":{"rendered":"<p><img fetchpriority=\"high\" decoding=\"async\" src=\"https:\/\/uniquelinksman.shop\/wp-content\/uploads\/2025\/12\/IMG_20251213_172745-1-1024x1024-1.webp\" sizes=\"(max-width: 800px) 100vw, 800px\" srcset=\"https:\/\/uniquelinksman.shop\/wp-content\/uploads\/2025\/12\/IMG_20251213_172745-1-1024x1024-1.webp 1024w, https:\/\/uniquelinksman.shop\/wp-content\/uploads\/2025\/12\/IMG_20251213_172745-1-1024x1024-1-300x300.webp 300w, https:\/\/uniquelinksman.shop\/wp-content\/uploads\/2025\/12\/IMG_20251213_172745-1-1024x1024-1-150x150.webp 150w, https:\/\/uniquelinksman.shop\/wp-content\/uploads\/2025\/12\/IMG_20251213_172745-1-1024x1024-1-768x768.webp 768w, https:\/\/uniquelinksman.shop\/wp-content\/uploads\/2025\/12\/IMG_20251213_172745-1-1024x1024-1-12x12.webp 12w, https:\/\/uniquelinksman.shop\/wp-content\/uploads\/2025\/12\/IMG_20251213_172745-1-1024x1024-1-600x600.webp 600w, https:\/\/uniquelinksman.shop\/wp-content\/uploads\/2025\/12\/IMG_20251213_172745-1-1024x1024-1-100x100.webp 100w, https:\/\/uniquelinksman.shop\/wp-content\/uploads\/2025\/12\/IMG_20251213_172745-1-1024x1024-1-50x50.webp 50w\" alt=\"\" width=\"800\" height=\"800\" \/><br \/>\n<img decoding=\"async\" src=\"https:\/\/uniquelinksman.shop\/wp-content\/uploads\/2025\/12\/IMG_20251213_172506-1-1024x1024-1.webp\" sizes=\"(max-width: 800px) 100vw, 800px\" srcset=\"https:\/\/uniquelinksman.shop\/wp-content\/uploads\/2025\/12\/IMG_20251213_172506-1-1024x1024-1.webp 1024w, https:\/\/uniquelinksman.shop\/wp-content\/uploads\/2025\/12\/IMG_20251213_172506-1-1024x1024-1-300x300.webp 300w, https:\/\/uniquelinksman.shop\/wp-content\/uploads\/2025\/12\/IMG_20251213_172506-1-1024x1024-1-150x150.webp 150w, https:\/\/uniquelinksman.shop\/wp-content\/uploads\/2025\/12\/IMG_20251213_172506-1-1024x1024-1-768x768.webp 768w, https:\/\/uniquelinksman.shop\/wp-content\/uploads\/2025\/12\/IMG_20251213_172506-1-1024x1024-1-12x12.webp 12w, https:\/\/uniquelinksman.shop\/wp-content\/uploads\/2025\/12\/IMG_20251213_172506-1-1024x1024-1-600x600.webp 600w, https:\/\/uniquelinksman.shop\/wp-content\/uploads\/2025\/12\/IMG_20251213_172506-1-1024x1024-1-100x100.webp 100w, https:\/\/uniquelinksman.shop\/wp-content\/uploads\/2025\/12\/IMG_20251213_172506-1-1024x1024-1-50x50.webp 50w\" alt=\"\" width=\"800\" height=\"800\" \/><br \/>\n<img decoding=\"async\" src=\"https:\/\/uniquelinksman.shop\/wp-content\/uploads\/2025\/12\/IMG_20251213_172625-1-1024x1024-1.webp\" sizes=\"(max-width: 800px) 100vw, 800px\" srcset=\"https:\/\/uniquelinksman.shop\/wp-content\/uploads\/2025\/12\/IMG_20251213_172625-1-1024x1024-1.webp 1024w, https:\/\/uniquelinksman.shop\/wp-content\/uploads\/2025\/12\/IMG_20251213_172625-1-1024x1024-1-300x300.webp 300w, https:\/\/uniquelinksman.shop\/wp-content\/uploads\/2025\/12\/IMG_20251213_172625-1-1024x1024-1-150x150.webp 150w, https:\/\/uniquelinksman.shop\/wp-content\/uploads\/2025\/12\/IMG_20251213_172625-1-1024x1024-1-768x768.webp 768w, https:\/\/uniquelinksman.shop\/wp-content\/uploads\/2025\/12\/IMG_20251213_172625-1-1024x1024-1-12x12.webp 12w, https:\/\/uniquelinksman.shop\/wp-content\/uploads\/2025\/12\/IMG_20251213_172625-1-1024x1024-1-600x600.webp 600w, https:\/\/uniquelinksman.shop\/wp-content\/uploads\/2025\/12\/IMG_20251213_172625-1-1024x1024-1-100x100.webp 100w, https:\/\/uniquelinksman.shop\/wp-content\/uploads\/2025\/12\/IMG_20251213_172625-1-1024x1024-1-50x50.webp 50w\" alt=\"\" width=\"800\" height=\"800\" \/><br \/>\n<img loading=\"lazy\" decoding=\"async\" src=\"https:\/\/uniquelinksman.shop\/wp-content\/uploads\/2025\/12\/IMG_20251213_172654-1-1024x1024-1.webp\" sizes=\"(max-width: 800px) 100vw, 800px\" srcset=\"https:\/\/uniquelinksman.shop\/wp-content\/uploads\/2025\/12\/IMG_20251213_172654-1-1024x1024-1.webp 1024w, https:\/\/uniquelinksman.shop\/wp-content\/uploads\/2025\/12\/IMG_20251213_172654-1-1024x1024-1-300x300.webp 300w, https:\/\/uniquelinksman.shop\/wp-content\/uploads\/2025\/12\/IMG_20251213_172654-1-1024x1024-1-150x150.webp 150w, https:\/\/uniquelinksman.shop\/wp-content\/uploads\/2025\/12\/IMG_20251213_172654-1-1024x1024-1-768x768.webp 768w, https:\/\/uniquelinksman.shop\/wp-content\/uploads\/2025\/12\/IMG_20251213_172654-1-1024x1024-1-12x12.webp 12w, https:\/\/uniquelinksman.shop\/wp-content\/uploads\/2025\/12\/IMG_20251213_172654-1-1024x1024-1-600x600.webp 600w, https:\/\/uniquelinksman.shop\/wp-content\/uploads\/2025\/12\/IMG_20251213_172654-1-1024x1024-1-100x100.webp 100w, https:\/\/uniquelinksman.shop\/wp-content\/uploads\/2025\/12\/IMG_20251213_172654-1-1024x1024-1-50x50.webp 50w\" alt=\"\" width=\"800\" height=\"800\" \/><\/p>\n<ul>\n<li style=\"margin: 0px; padding: 0px; font-size: 16px;\" data-start=\"1\">\u00a11Term\u00e9szetes Tisztas\u00e1g, Nincs Kemikus - Csak v\u00edz \u00e9s g\u0151z haszn\u00e1lata! Descubra los mejores productos, ideas y servicios para sus clientes. A g\u0151z 99,9%-os mikrobiol\u00f3giai tiszt\u00edt\u00e1st biztos\u00edt, elt\u00e1vol\u00edtva a bakt\u00e9riumokat \u00e9s gomb\u00e1kat an\u00e9lk\u00fcl, hogy maradna szennyez\u0151d\u00e9s.\n<ol style=\"margin: 0px; padding: 0px; font-size: 16px; background-color: #ffffff;\" start=\"2\" data-origin-start=\"2\" data-start=\"2\">\n<li style=\"margin: 0px; padding: 0px; font-size: 16px;\" data-start=\"2\">\u00a1T\u00f6bbsz\u00f6r\u0171 Felsz\u00edn, Egy Eszk\u00f6z - Teljesen univerz\u00e1lis! Perfect m\u0171k\u00f6dik f\u00e9mek, porcel\u00e1n, f\u00e9mek, \u00fcveg, fa padl\u00f3kon, mosd\u00f3kban, zuhanyz\u00f3falakon, p\u00e9ks\u00fct\u0151ben, aut\u00f3 bels\u0151j\u00e9n \u00e9s m\u00e9g sok m\u00e1shol. No se lo piense m\u00e1s: \u00a1no se lo piense m\u00e1s!<\/li>\n<\/ol>\n<\/li>\n<li style=\"list-style-type: none;\">\n<ol style=\"margin: 0px; padding: 0px; font-size: 16px; background-color: #ffffff;\" start=\"3\" data-origin-start=\"3\" data-start=\"3\">\n<li style=\"margin: 0px; padding: 0px; font-size: 16px;\" data-start=\"3\">Kezihordhat\u00f3 \u00e9s K\u00f6nny\u0171 - kompakt m\u00e9ret \u00e9s k\u00f6nny\u0171 s\u00faly (csak ~1,5 kg) lehet\u0151v\u00e9 teszi a mozg\u00e1st minden helyen, ak\u00e1r magas falakon vagy k\u00f6z\u00e9peny szelv\u00e9nyek k\u00f6z\u00f6tt. A hordhat\u00f3 diz\u00e1jn elt\u00e1vol\u00edtja a k\u00e1bel fesz\u00fclts\u00e9get, teszi a tiszt\u00edt\u00e1st stresszmentesebb\u00e9.<\/li>\n<\/ol>\n<\/li>\n<li style=\"list-style-type: none;\">\n<ol style=\"margin: 0px; padding: 0px; font-size: 16px; background-color: #ffffff;\" start=\"4\" data-origin-start=\"4\" data-start=\"4\">\n<li style=\"margin: 0px; padding: 0px; font-size: 16px;\" data-start=\"4\">\u00a1Gyors Ind\u00edt\u00e1s \u00e9s Magas G\u0151z Nyom\u00e1s - Csak 3 perc alatt felmelegszik, azonnal haszn\u00e1lhat\u00f3! A 3,5 bar-os magas g\u0151z nyom\u00e1s hat\u00e9konyan elt\u00e1vol\u00edtja a kem\u00e9ny szennyez\u0151d\u00e9seket, zs\u00edrfoly\u00e1sokat \u00e9s petrezselymet an\u00e9lk\u00fcl, hogy er\u0151s er\u0151fesz\u00edt\u00e9st ig\u00e9nyeljen.<\/li>\n<\/ol>\n<\/li>\n<\/ul>","protected":false},"excerpt":{"rendered":"<p>1Term\u00e9szetes Tisztas\u00e1g, Nincs Kemikus &#8211; Csak v\u00edz \u00e9s g\u0151z haszn\u00e1lata! Kiz\u00e1rja a vegyi anyagokat, biztons\u00e1gos a gyermekek \u00e9s h\u00e1zi\u00e1llatok k\u00f6r\u00e9ben, ide\u00e1lis\u00a0 osoknak \u00e9s term\u00e9szetbar\u00e1toknak. A g\u0151z 99,9%-os mikrobiol\u00f3giai tiszt\u00edt\u00e1st biztos\u00edt, elt\u00e1vol\u00edtva a bakt\u00e9riumokat \u00e9s gomb\u00e1kat an\u00e9lk\u00fcl, hogy maradna szennyez\u0151d\u00e9s. T\u00f6bbsz\u00f6r\u0171 Felsz\u00edn, Egy Eszk\u00f6z &#8211; Teljesen univerz\u00e1lis! Perfect m\u0171k\u00f6dik f\u00e9mek, porcel\u00e1n, f\u00e9mek, \u00fcveg, fa padl\u00f3kon, mosd\u00f3kban, [&hellip;]<\/p>","protected":false},"featured_media":2613,"comment_status":"open","ping_status":"closed","template":"","meta":{"_acf_changed":false},"product_brand":[],"product_cat":[54],"product_tag":[],"class_list":{"0":"post-2608","1":"product","2":"type-product","3":"status-publish","4":"has-post-thumbnail","6":"product_cat-best-seller","8":"first","9":"instock","10":"sale","11":"shipping-taxable","12":"purchasable","13":"product-type-variable","14":"has-default-attributes","15":"wvs-archive-product-wrapper"},"acf":[],"_links":{"self":[{"href":"https:\/\/shopxclusive.shop\/es\/wp-json\/wp\/v2\/product\/2608","targetHints":{"allow":["GET"]}}],"collection":[{"href":"https:\/\/shopxclusive.shop\/es\/wp-json\/wp\/v2\/product"}],"about":[{"href":"https:\/\/shopxclusive.shop\/es\/wp-json\/wp\/v2\/types\/product"}],"replies":[{"embeddable":true,"href":"https:\/\/shopxclusive.shop\/es\/wp-json\/wp\/v2\/comments?post=2608"}],"version-history":[{"count":0,"href":"https:\/\/shopxclusive.shop\/es\/wp-json\/wp\/v2\/product\/2608\/revisions"}],"wp:featuredmedia":[{"embeddable":true,"href":"https:\/\/shopxclusive.shop\/es\/wp-json\/wp\/v2\/media\/2613"}],"wp:attachment":[{"href":"https:\/\/shopxclusive.shop\/es\/wp-json\/wp\/v2\/media?parent=2608"}],"wp:term":[{"taxonomy":"product_brand","embeddable":true,"href":"https:\/\/shopxclusive.shop\/es\/wp-json\/wp\/v2\/product_brand?post=2608"},{"taxonomy":"product_cat","embeddable":true,"href":"https:\/\/shopxclusive.shop\/es\/wp-json\/wp\/v2\/product_cat?post=2608"},{"taxonomy":"product_tag","embeddable":true,"href":"https:\/\/shopxclusive.shop\/es\/wp-json\/wp\/v2\/product_tag?post=2608"}],"curies":[{"name":"wp","href":"https:\/\/api.w.org\/{rel}","templated":true}]}}