{"id":2640,"date":"2025-12-24T04:13:58","date_gmt":"2025-12-24T04:13:58","guid":{"rendered":"https:\/\/shopxclusive.shop\/?post_type=product&#038;p=2640"},"modified":"2026-01-01T22:46:27","modified_gmt":"2026-01-01T22:46:27","slug":"juego-de-regalo-para-el-cuidado-de-la-piel-pro-xylane-collagen-limpieza-suave-nutricion-hidratante-coleccion-de-cuidado-facial-de-7-piezas-2","status":"publish","type":"product","link":"https:\/\/shopxclusive.shop\/es\/producto\/juego-de-regalo-para-el-cuidado-de-la-piel-pro-xylane-collagen-limpieza-suave-nutricion-hidratante-coleccion-de-cuidado-facial-de-7-piezas-2\/","title":{"rendered":"Juego de regalo para el cuidado de la piel Pro-Xylane &amp; Collagen - Limpieza suave, nutrici\u00f3n hidratante, colecci\u00f3n de cuidado facial de 7 piezas"},"content":{"rendered":"<p><img fetchpriority=\"high\" decoding=\"async\" class=\"aligncenter\" src=\"https:\/\/shopxclusive.shop\/wp-content\/uploads\/2025\/12\/5-70-1024x1024_1.jpg\" sizes=\"(max-width: 800px) 100vw, 800px\" srcset=\"https:\/\/shopxclusive.shop\/wp-content\/uploads\/2025\/12\/5-70-1024x1024_1.jpg 1024w, https:\/\/shopxclusive.shop\/wp-content\/uploads\/2025\/12\/5-70-300x300_1.jpg 300w, https:\/\/shopxclusive.shop\/wp-content\/uploads\/2025\/12\/5-70-150x150_1.jpg 150w, https:\/\/shopxclusive.shop\/wp-content\/uploads\/2025\/12\/5-70-768x768_1.jpg 768w, https:\/\/shopxclusive.shop\/wp-content\/uploads\/2025\/12\/5-70-1536x1536_1.jpg 1536w, https:\/\/shopxclusive.shop\/wp-content\/uploads\/2025\/12\/5-70-600x600_1.jpg 600w, https:\/\/shopxclusive.shop\/wp-content\/uploads\/2025\/12\/5-70-100x100_1.jpg 100w, https:\/\/shopxclusive.shop\/wp-content\/uploads\/2025\/12\/5-70-50x50_1.jpg 50w, https:\/\/shopxclusive.shop\/wp-content\/uploads\/2025\/12\/5-70.jpg 2048w\" alt=\"\" width=\"800\" height=\"800\" \/><br \/>\n<img decoding=\"async\" class=\"aligncenter\" src=\"https:\/\/shopxclusive.shop\/wp-content\/uploads\/2025\/12\/4-109-1024x1024_1.jpg\" sizes=\"(max-width: 800px) 100vw, 800px\" srcset=\"https:\/\/shopxclusive.shop\/wp-content\/uploads\/2025\/12\/4-109-1024x1024_1.jpg 1024w, https:\/\/shopxclusive.shop\/wp-content\/uploads\/2025\/12\/4-109-300x300_1.jpg 300w, https:\/\/shopxclusive.shop\/wp-content\/uploads\/2025\/12\/4-109-150x150_1.jpg 150w, https:\/\/shopxclusive.shop\/wp-content\/uploads\/2025\/12\/4-109-768x768_1.jpg 768w, https:\/\/shopxclusive.shop\/wp-content\/uploads\/2025\/12\/4-109-1536x1536_1.jpg 1536w, https:\/\/shopxclusive.shop\/wp-content\/uploads\/2025\/12\/4-109-600x600_1.jpg 600w, https:\/\/shopxclusive.shop\/wp-content\/uploads\/2025\/12\/4-109-100x100_1.jpg 100w, https:\/\/shopxclusive.shop\/wp-content\/uploads\/2025\/12\/4-109-50x50_1.jpg 50w, https:\/\/shopxclusive.shop\/wp-content\/uploads\/2025\/12\/4-109.jpg 2048w\" alt=\"\" width=\"800\" height=\"800\" \/><br \/>\n<img decoding=\"async\" class=\"aligncenter\" src=\"https:\/\/shopxclusive.shop\/wp-content\/uploads\/2025\/12\/3-121-1024x1024_1.jpg\" sizes=\"(max-width: 800px) 100vw, 800px\" srcset=\"https:\/\/shopxclusive.shop\/wp-content\/uploads\/2025\/12\/3-121-1024x1024_1.jpg 1024w, https:\/\/shopxclusive.shop\/wp-content\/uploads\/2025\/12\/3-121-300x300_1.jpg 300w, https:\/\/shopxclusive.shop\/wp-content\/uploads\/2025\/12\/3-121-150x150_1.jpg 150w, https:\/\/shopxclusive.shop\/wp-content\/uploads\/2025\/12\/3-121-768x768_1.jpg 768w, https:\/\/shopxclusive.shop\/wp-content\/uploads\/2025\/12\/3-121-1536x1536_1.jpg 1536w, https:\/\/shopxclusive.shop\/wp-content\/uploads\/2025\/12\/3-121-600x600_1.jpg 600w, https:\/\/shopxclusive.shop\/wp-content\/uploads\/2025\/12\/3-121-100x100_1.jpg 100w, https:\/\/shopxclusive.shop\/wp-content\/uploads\/2025\/12\/3-121-50x50_1.jpg 50w, https:\/\/shopxclusive.shop\/wp-content\/uploads\/2025\/12\/3-121.jpg 2048w\" alt=\"\" width=\"800\" height=\"800\" \/><br \/>\n<img loading=\"lazy\" decoding=\"async\" class=\"aligncenter\" src=\"https:\/\/shopxclusive.shop\/wp-content\/uploads\/2025\/12\/2-114-1024x1024_1.jpg\" sizes=\"(max-width: 800px) 100vw, 800px\" srcset=\"https:\/\/shopxclusive.shop\/wp-content\/uploads\/2025\/12\/2-114-1024x1024_1.jpg 1024w, https:\/\/shopxclusive.shop\/wp-content\/uploads\/2025\/12\/2-114-300x300_1.jpg 300w, https:\/\/shopxclusive.shop\/wp-content\/uploads\/2025\/12\/2-114-150x150_1.jpg 150w, https:\/\/shopxclusive.shop\/wp-content\/uploads\/2025\/12\/2-114-768x768_1.jpg 768w, https:\/\/shopxclusive.shop\/wp-content\/uploads\/2025\/12\/2-114-1536x1536_1.jpg 1536w, https:\/\/shopxclusive.shop\/wp-content\/uploads\/2025\/12\/2-114-600x600_1.jpg 600w, https:\/\/shopxclusive.shop\/wp-content\/uploads\/2025\/12\/2-114-100x100_1.jpg 100w, https:\/\/shopxclusive.shop\/wp-content\/uploads\/2025\/12\/2-114-50x50_1.jpg 50w, https:\/\/shopxclusive.shop\/wp-content\/uploads\/2025\/12\/2-114.jpg 2048w\" alt=\"\" width=\"800\" height=\"800\" \/><br \/>\n<img loading=\"lazy\" decoding=\"async\" class=\"aligncenter\" src=\"https:\/\/shopxclusive.shop\/wp-content\/uploads\/2025\/12\/1-127-1024x1024_1.jpg\" sizes=\"(max-width: 800px) 100vw, 800px\" srcset=\"https:\/\/shopxclusive.shop\/wp-content\/uploads\/2025\/12\/1-127-1024x1024_1.jpg 1024w, https:\/\/shopxclusive.shop\/wp-content\/uploads\/2025\/12\/1-127-300x300_1.jpg 300w, https:\/\/shopxclusive.shop\/wp-content\/uploads\/2025\/12\/1-127-150x150_1.jpg 150w, https:\/\/shopxclusive.shop\/wp-content\/uploads\/2025\/12\/1-127-768x768_1.jpg 768w, https:\/\/shopxclusive.shop\/wp-content\/uploads\/2025\/12\/1-127-1536x1536_1.jpg 1536w, https:\/\/shopxclusive.shop\/wp-content\/uploads\/2025\/12\/1-127-600x600_1.jpg 600w, https:\/\/shopxclusive.shop\/wp-content\/uploads\/2025\/12\/1-127-100x100_1.jpg 100w, https:\/\/shopxclusive.shop\/wp-content\/uploads\/2025\/12\/1-127-50x50_1.jpg 50w, https:\/\/shopxclusive.shop\/wp-content\/uploads\/2025\/12\/1-127.jpg 2048w\" alt=\"\" width=\"800\" height=\"800\" \/><\/p>\n<ul>\n<li>\u2764\u3010IMPORTANTE\u3011Las instrucciones de uso y la lista de ingredientes del producto se incluyen en el paquete expr\u00e9s. Por favor, compruebe cuidadosamente el paquete recibido.<\/li>\n<li>\ud83d\udc4d\ud83d\udc4d\u3010Smooth And Delicate Skin\u3011Nuestros kits de cuidado de la piel contienen esencia natural org\u00e1nica Multi amino\u00e1cido, que puede hidratar y mejorar la piel seca, \u00e1spera, poros gruesos, y el envejecimiento de la piel. Mejora la vitalidad de la piel reduciendo la opacidad y calmando la piel deshidratada. Este kit de cuidado de la piel paso a paso har\u00e1 que su cara se sienta suave, hidratada, tersa y delicada.<\/li>\n<li>\ud83d\udc4d\ud83d\udc4d\u3010Adecuado para todo tipo de piel\u3011Ya sea que quiera prevenir los signos del envejecimiento o mejorar la condici\u00f3n de la piel seca, \u00e1spera y opaca, nuestro set antienvejecimiento para el cuidado de la piel es una de las mejores opciones para el cuidado de su piel, \u00a1especialmente durante los inviernos secos! Este set hidratante suave y org\u00e1nico es adecuado para todo tipo de pieles de hombres y mujeres, incluyendo pieles neutras, secas, grasas y sensibles.<\/li>\n<li>\ud83d\udc4d\ud83d\udc4d\u3010High-Quality Ingredients\u3011: nuestros productos de cuidado de la piel para las mujeres contra el envejecimiento se hacen con ingredientes de primera calidad, que son cuidadosamente seleccionados para ofrecer los m\u00e1ximos resultados. Cada producto est\u00e1 formulado con compuestos nutritivos y rejuvenecedores para ayudar a mejorar la elasticidad de la piel, firmeza y textura general.Regalos \u00fanicos para las mujeres.Regalar un conjunto de cuidado de la piel anti-envejecimiento, ayudar a sus seres queridos a alcanzar sus objetivos de cuidado de la piel y apoyar su confianza y bienestar general.<\/li>\n<li>\ud83d\udc4d\ud83d\udc4d\u3010CLEAN y NUTRIEN LA PIEL\u3011 Este r\u00e9gimen de cuidado de la piel paso a paso har\u00e1 que tu rostro se sienta suave, flexible e hidratado sin importar d\u00f3nde est\u00e9s piensa en \u00e9l como el feliz para siempre de tu rostro.<\/li>\n<li>\ud83d\udc4d\ud83d\udc4d\u3010Beautiful gift box packaging\u3011La caja de regalo roja y la practicidad lo convierten en un gran regalo creativo para las mujeres. Regalos de cumplea\u00f1os de primer nivel para mujeres, regalos para esposas, regalos para novias, regalos para ella, regalos para madres. Proteja su piel y mantenga una apariencia juvenil.Ayude a las usuarias a alcanzar el potencial de luminosidad y longevidad de su piel, encarnando as\u00ed plenamente la belleza eterna.<\/li>\n<\/ul>","protected":false},"excerpt":{"rendered":"<p>\u2764\u3010IMPORTANT\u3011The instructions for use and product ingredient list are included in the express package. Please carefully check the received package. \ud83d\udc4d\ud83d\udc4d\u3010Smooth And Delicate Skin\u3011Our skincare kits contains natural organic Multi amino acid essence, which can moisturize and improve dry, rough, coarse pores, and aging skin. It enhances skin vitality by reducing dullness and soothing dehydrated [&hellip;]<\/p>","protected":false},"featured_media":2633,"comment_status":"open","ping_status":"closed","template":"","meta":{"_acf_changed":false},"product_brand":[],"product_cat":[41],"product_tag":[],"class_list":{"0":"post-2640","1":"product","2":"type-product","3":"status-publish","4":"has-post-thumbnail","6":"product_cat-home-living","8":"first","9":"instock","10":"sale","11":"shipping-taxable","12":"purchasable","13":"product-type-simple"},"acf":[],"_links":{"self":[{"href":"https:\/\/shopxclusive.shop\/es\/wp-json\/wp\/v2\/product\/2640","targetHints":{"allow":["GET"]}}],"collection":[{"href":"https:\/\/shopxclusive.shop\/es\/wp-json\/wp\/v2\/product"}],"about":[{"href":"https:\/\/shopxclusive.shop\/es\/wp-json\/wp\/v2\/types\/product"}],"replies":[{"embeddable":true,"href":"https:\/\/shopxclusive.shop\/es\/wp-json\/wp\/v2\/comments?post=2640"}],"version-history":[{"count":0,"href":"https:\/\/shopxclusive.shop\/es\/wp-json\/wp\/v2\/product\/2640\/revisions"}],"wp:featuredmedia":[{"embeddable":true,"href":"https:\/\/shopxclusive.shop\/es\/wp-json\/wp\/v2\/media\/2633"}],"wp:attachment":[{"href":"https:\/\/shopxclusive.shop\/es\/wp-json\/wp\/v2\/media?parent=2640"}],"wp:term":[{"taxonomy":"product_brand","embeddable":true,"href":"https:\/\/shopxclusive.shop\/es\/wp-json\/wp\/v2\/product_brand?post=2640"},{"taxonomy":"product_cat","embeddable":true,"href":"https:\/\/shopxclusive.shop\/es\/wp-json\/wp\/v2\/product_cat?post=2640"},{"taxonomy":"product_tag","embeddable":true,"href":"https:\/\/shopxclusive.shop\/es\/wp-json\/wp\/v2\/product_tag?post=2640"}],"curies":[{"name":"wp","href":"https:\/\/api.w.org\/{rel}","templated":true}]}}