{"id":2792,"date":"2026-01-14T02:50:21","date_gmt":"2026-01-14T02:50:21","guid":{"rendered":"https:\/\/shopxclusive.shop\/?post_type=product&#038;p=2792"},"modified":"2026-01-14T02:53:41","modified_gmt":"2026-01-14T02:53:41","slug":"bseucoll-220v-european-standard-1pc-stainless-steel-large-electric-mill-household-grain-grinder-dry-grinding-wall-breaking-upgraded-4-blades-one-button-start-fine-powder","status":"publish","type":"product","link":"https:\/\/shopxclusive.shop\/es\/producto\/bseucoll-220v-european-standard-1pc-stainless-steel-large-electric-mill-household-grain-grinder-dry-grinding-wall-breaking-upgraded-4-blades-one-button-start-fine-powder\/","title":{"rendered":"BSEUCOLL 220V Est\u00e1ndar Europeo 1pc, Molino El\u00e9ctrico Grande de Acero Inoxidable, Molinillo de Grano para el Hogar, Molienda Seca Rompe Paredes, 4 Cuchillas Mejoradas, Arranque con un Bot\u00f3n, Polvo Fino"},"content":{"rendered":"<p><img fetchpriority=\"high\" decoding=\"async\" class=\"aligncenter\" src=\"https:\/\/shopxclusive.shop\/wp-content\/uploads\/2026\/01\/2-23-1024x420.jpg\" sizes=\"(max-width: 800px) 100vw, 800px\" srcset=\"https:\/\/shopxclusive.shop\/wp-content\/uploads\/2026\/01\/2-23-1024x420.jpg 1024w, https:\/\/shopxclusive.shop\/wp-content\/uploads\/2026\/01\/2-23-300x123.jpg 300w, https:\/\/shopxclusive.shop\/wp-content\/uploads\/2026\/01\/2-23-768x315.jpg 768w, https:\/\/shopxclusive.shop\/wp-content\/uploads\/2026\/01\/2-23-600x246.jpg 600w, https:\/\/shopxclusive.shop\/wp-content\/uploads\/2026\/01\/2-23.jpg 1464w\" alt=\"\" width=\"800\" height=\"328\" \/><br \/>\n<img decoding=\"async\" class=\"aligncenter\" src=\"https:\/\/shopxclusive.shop\/wp-content\/uploads\/2026\/01\/1-20-1024x420.jpg\" sizes=\"(max-width: 800px) 100vw, 800px\" srcset=\"https:\/\/shopxclusive.shop\/wp-content\/uploads\/2026\/01\/1-20-1024x420.jpg 1024w, https:\/\/shopxclusive.shop\/wp-content\/uploads\/2026\/01\/1-20-300x123.jpg 300w, https:\/\/shopxclusive.shop\/wp-content\/uploads\/2026\/01\/1-20-768x315.jpg 768w, https:\/\/shopxclusive.shop\/wp-content\/uploads\/2026\/01\/1-20-600x246.jpg 600w, https:\/\/shopxclusive.shop\/wp-content\/uploads\/2026\/01\/1-20.jpg 1464w\" alt=\"\" width=\"800\" height=\"328\" \/><br \/>\n<img decoding=\"async\" class=\"aligncenter\" src=\"https:\/\/shopxclusive.shop\/wp-content\/uploads\/2026\/01\/4-16-1024x420.jpg\" sizes=\"(max-width: 800px) 100vw, 800px\" srcset=\"https:\/\/shopxclusive.shop\/wp-content\/uploads\/2026\/01\/4-16-1024x420.jpg 1024w, https:\/\/shopxclusive.shop\/wp-content\/uploads\/2026\/01\/4-16-300x123.jpg 300w, https:\/\/shopxclusive.shop\/wp-content\/uploads\/2026\/01\/4-16-768x315.jpg 768w, https:\/\/shopxclusive.shop\/wp-content\/uploads\/2026\/01\/4-16-600x246.jpg 600w, https:\/\/shopxclusive.shop\/wp-content\/uploads\/2026\/01\/4-16.jpg 1464w\" alt=\"\" width=\"800\" height=\"328\" \/><br \/>\n<img loading=\"lazy\" decoding=\"async\" class=\"aligncenter\" src=\"https:\/\/shopxclusive.shop\/wp-content\/uploads\/2026\/01\/3-19-1024x420.jpg\" sizes=\"(max-width: 800px) 100vw, 800px\" srcset=\"https:\/\/shopxclusive.shop\/wp-content\/uploads\/2026\/01\/3-19-1024x420.jpg 1024w, https:\/\/shopxclusive.shop\/wp-content\/uploads\/2026\/01\/3-19-300x123.jpg 300w, https:\/\/shopxclusive.shop\/wp-content\/uploads\/2026\/01\/3-19-768x315.jpg 768w, https:\/\/shopxclusive.shop\/wp-content\/uploads\/2026\/01\/3-19-600x246.jpg 600w, https:\/\/shopxclusive.shop\/wp-content\/uploads\/2026\/01\/3-19.jpg 1464w\" alt=\"\" width=\"800\" height=\"328\" \/><\/p>\n<ul>\n<li>Molinillo Premium para Cocina y M\u00e1s: Fabricado con un elegante exterior de acero inoxidable y una c\u00e1mara de molienda de acero inoxidable 304 de calidad alimentaria, este molinillo de caf\u00e9 el\u00e9ctrico para hierbas y especias garantiza seguridad y durabilidad. El molinillo de cocina de gran capacidad de 14 oz procesa sin esfuerzo granos, ingredientes de molinillos de hierbas y especias y granos de caf\u00e9, perfecto para cocineros y cocinas ocupados y necesidades de preparaci\u00f3n a granel.<\/li>\n<li>Rendimiento de la trituradora de polvo industrial: \u00a1Experimente la potencia de una m\u00e1quina moledora! Impulsado por un motor de cobre de 400W (35.000 RPM), este molinillo de polvo proporciona un polvo ultrafino en segundos, rivalizando con la consistencia de un molinillo de caf\u00e9 comercial o un molinillo de caf\u00e9 de fresas el\u00e9ctrico. Los sistemas de protecci\u00f3n incorporados evitan el sobrecalentamiento, convirti\u00e9ndolo en una potencia fiable Si se interrumpe, simplemente espere 2-3 minutos para que el sistema de seguridad se restablezca.<\/li>\n<li>Control y estabilidad sin esfuerzo: La funci\u00f3n de pulsar para moler le ofrece un control total. La base pesada antideslizante garantiza la estabilidad, mientras que el almacenamiento oculto del cable mantiene limpia la encimera. Este molinillo para hierbas y caf\u00e9 est\u00e1 dise\u00f1ado para cualquier persona que disfruta de la elaboraci\u00f3n de mezclas de especias caseras. valora la eficiencia y los resultados frescos y sabrosos.<\/li>\n<\/ul>","protected":false},"excerpt":{"rendered":"<p>Premium Grinding Machine for Kitchen &amp; Beyond: Crafted with a sleek stainless steel exterior and a food-grade 304 stainless steel grinding chamber, this electric coffee grinder for herbs and spices guarantees safety and durability. The 14oz large-capacity kitchen grinder effortlessly processes grains, herb &amp; spice mills ingredients, and coffee beans\u2014perfect for busy cooks and kitchens [&hellip;]<\/p>","protected":false},"featured_media":2793,"comment_status":"open","ping_status":"closed","template":"","meta":{"_acf_changed":false},"product_brand":[],"product_cat":[35],"product_tag":[],"class_list":{"0":"post-2792","1":"product","2":"type-product","3":"status-publish","4":"has-post-thumbnail","6":"product_cat-sale","8":"first","9":"instock","10":"sale","11":"shipping-taxable","12":"purchasable","13":"product-type-simple"},"acf":[],"_links":{"self":[{"href":"https:\/\/shopxclusive.shop\/es\/wp-json\/wp\/v2\/product\/2792","targetHints":{"allow":["GET"]}}],"collection":[{"href":"https:\/\/shopxclusive.shop\/es\/wp-json\/wp\/v2\/product"}],"about":[{"href":"https:\/\/shopxclusive.shop\/es\/wp-json\/wp\/v2\/types\/product"}],"replies":[{"embeddable":true,"href":"https:\/\/shopxclusive.shop\/es\/wp-json\/wp\/v2\/comments?post=2792"}],"version-history":[{"count":0,"href":"https:\/\/shopxclusive.shop\/es\/wp-json\/wp\/v2\/product\/2792\/revisions"}],"wp:featuredmedia":[{"embeddable":true,"href":"https:\/\/shopxclusive.shop\/es\/wp-json\/wp\/v2\/media\/2793"}],"wp:attachment":[{"href":"https:\/\/shopxclusive.shop\/es\/wp-json\/wp\/v2\/media?parent=2792"}],"wp:term":[{"taxonomy":"product_brand","embeddable":true,"href":"https:\/\/shopxclusive.shop\/es\/wp-json\/wp\/v2\/product_brand?post=2792"},{"taxonomy":"product_cat","embeddable":true,"href":"https:\/\/shopxclusive.shop\/es\/wp-json\/wp\/v2\/product_cat?post=2792"},{"taxonomy":"product_tag","embeddable":true,"href":"https:\/\/shopxclusive.shop\/es\/wp-json\/wp\/v2\/product_tag?post=2792"}],"curies":[{"name":"wp","href":"https:\/\/api.w.org\/{rel}","templated":true}]}}