{"id":2848,"date":"2026-01-24T01:48:12","date_gmt":"2026-01-24T01:48:12","guid":{"rendered":"https:\/\/shopxclusive.shop\/?post_type=product&#038;p=2848"},"modified":"2026-01-24T01:52:21","modified_gmt":"2026-01-24T01:52:21","slug":"double-sided-neck-pillow-unscented-memory-foam-pillow-with-cooling-cover-zoned-design-for-deep-sleepers-contoured-pillow-with-extra-large-armrest-for-side-sleep-stomach-sleeping-and-back-sleepers-top","status":"publish","type":"product","link":"https:\/\/shopxclusive.shop\/es\/producto\/double-sided-neck-pillow-unscented-memory-foam-pillow-with-cooling-cover-zoned-design-for-deep-sleepers-contoured-pillow-with-extra-large-armrest-for-side-sleep-stomach-sleeping-and-back-sleepers-top\/","title":{"rendered":"Almohada cervical de doble cara Almohada de espuma viscoel\u00e1stica sin perfume con funda refrescante Dise\u00f1o por zonas para personas que duermen profundamente Almohada contorneada con reposabrazos extragrande para personas que duermen de lado, boca abajo y boca arriba #TOP PICKS"},"content":{"rendered":"<p><img fetchpriority=\"high\" decoding=\"async\" class=\"aligncenter\" src=\"https:\/\/shopxclusive.shop\/wp-content\/uploads\/2026\/01\/1-58-1024x420.jpg\" sizes=\"(max-width: 800px) 100vw, 800px\" srcset=\"https:\/\/shopxclusive.shop\/wp-content\/uploads\/2026\/01\/1-58-1024x420.jpg 1024w, https:\/\/shopxclusive.shop\/wp-content\/uploads\/2026\/01\/1-58-300x123.jpg 300w, https:\/\/shopxclusive.shop\/wp-content\/uploads\/2026\/01\/1-58-768x315.jpg 768w, https:\/\/shopxclusive.shop\/wp-content\/uploads\/2026\/01\/1-58-600x246.jpg 600w, https:\/\/shopxclusive.shop\/wp-content\/uploads\/2026\/01\/1-58.jpg 1464w\" alt=\"\" width=\"800\" height=\"328\" \/><br \/>\n<img decoding=\"async\" class=\"aligncenter\" src=\"https:\/\/shopxclusive.shop\/wp-content\/uploads\/2026\/01\/3-57-1024x420.jpg\" sizes=\"(max-width: 800px) 100vw, 800px\" srcset=\"https:\/\/shopxclusive.shop\/wp-content\/uploads\/2026\/01\/3-57-1024x420.jpg 1024w, https:\/\/shopxclusive.shop\/wp-content\/uploads\/2026\/01\/3-57-300x123.jpg 300w, https:\/\/shopxclusive.shop\/wp-content\/uploads\/2026\/01\/3-57-768x315.jpg 768w, https:\/\/shopxclusive.shop\/wp-content\/uploads\/2026\/01\/3-57-600x246.jpg 600w, https:\/\/shopxclusive.shop\/wp-content\/uploads\/2026\/01\/3-57.jpg 1464w\" alt=\"\" width=\"800\" height=\"328\" \/><\/p>\n<ul>\n<li>\ud83c\udf19\u3010Mayor comodidad para el cuello y la espalda\u3011 Dise\u00f1ada con un contorno suave, esta almohada mariposa acuna la cabeza, el cuello y los hombros para aliviar los puntos de presi\u00f3n y alinear la columna vertebral. Ideal para personas que duermen de lado, boca arriba o boca abajo, promueve un descanso m\u00e1s profundo y le ayuda a despertarse fresco, no r\u00edgido.<\/li>\n<li>\ud83c\udf19\u3010Dual-Height Ergonomic Pillow\u3011Experimenta un soporte superior para el cuello con la almohada ortop\u00e9dica de doble altura (12cm\/14cm), que presenta una ranura alineada con la columna vertebral y un dise\u00f1o \u00edntimo de reposabrazos. A diferencia de las almohadas est\u00e1ndar, nuestra forma ergon\u00f3mica alivia activamente los puntos de presi\u00f3n al tiempo que evita el entumecimiento del brazo.<\/li>\n<li>\ud83c\udf19\u3010Premium Memory Foam\u3011Dise\u00f1ado con espuma de memoria premium y tecnolog\u00eda patentada 5S de rebote lento, que alinea activamente la columna vertebral y evita las arrugas faciales. El dise\u00f1o de doble densidad acuna los puntos de presi\u00f3n pero resiste la flacidez, proporcionando un sue\u00f1o m\u00e1s profundo para usted.<\/li>\n<\/ul>","protected":false},"excerpt":{"rendered":"<p>\ud83c\udf19\u3010Enhance Comfort For Neck &amp; Back\u3011Engineered with a gentle contour design, this butterfly pillow cradles your head, neck, and shoulders to relieve pressure points and align your spine. Ideal for side, back, or stomach sleepers, it promotes deeper rest\u2014help you wake up refreshed, not stiff. \ud83c\udf19\u3010Dual-Height Ergonomic Pillow\u3011Experience superior neck support with the dual-height orthopedic [&hellip;]<\/p>","protected":false},"featured_media":2851,"comment_status":"open","ping_status":"closed","template":"","meta":{"_acf_changed":false},"product_brand":[],"product_cat":[41],"product_tag":[],"class_list":{"0":"post-2848","1":"product","2":"type-product","3":"status-publish","4":"has-post-thumbnail","6":"product_cat-home-living","8":"first","9":"instock","10":"sale","11":"shipping-taxable","12":"purchasable","13":"product-type-variable","14":"has-default-attributes","15":"wvs-archive-product-wrapper"},"acf":[],"_links":{"self":[{"href":"https:\/\/shopxclusive.shop\/es\/wp-json\/wp\/v2\/product\/2848","targetHints":{"allow":["GET"]}}],"collection":[{"href":"https:\/\/shopxclusive.shop\/es\/wp-json\/wp\/v2\/product"}],"about":[{"href":"https:\/\/shopxclusive.shop\/es\/wp-json\/wp\/v2\/types\/product"}],"replies":[{"embeddable":true,"href":"https:\/\/shopxclusive.shop\/es\/wp-json\/wp\/v2\/comments?post=2848"}],"version-history":[{"count":0,"href":"https:\/\/shopxclusive.shop\/es\/wp-json\/wp\/v2\/product\/2848\/revisions"}],"wp:featuredmedia":[{"embeddable":true,"href":"https:\/\/shopxclusive.shop\/es\/wp-json\/wp\/v2\/media\/2851"}],"wp:attachment":[{"href":"https:\/\/shopxclusive.shop\/es\/wp-json\/wp\/v2\/media?parent=2848"}],"wp:term":[{"taxonomy":"product_brand","embeddable":true,"href":"https:\/\/shopxclusive.shop\/es\/wp-json\/wp\/v2\/product_brand?post=2848"},{"taxonomy":"product_cat","embeddable":true,"href":"https:\/\/shopxclusive.shop\/es\/wp-json\/wp\/v2\/product_cat?post=2848"},{"taxonomy":"product_tag","embeddable":true,"href":"https:\/\/shopxclusive.shop\/es\/wp-json\/wp\/v2\/product_tag?post=2848"}],"curies":[{"name":"wp","href":"https:\/\/api.w.org\/{rel}","templated":true}]}}