{"id":2909,"date":"2026-02-03T03:04:00","date_gmt":"2026-02-03T03:04:00","guid":{"rendered":"https:\/\/shopxclusive.shop\/?post_type=product&#038;p=2909"},"modified":"2026-02-13T07:08:36","modified_gmt":"2026-02-13T07:08:36","slug":"baliza-v16-mas-avanzada-conectada-a-dgt-3-0-luz-emergencia-homologado-y-certificado-por-dgt","status":"publish","type":"product","link":"https:\/\/shopxclusive.shop\/es\/producto\/baliza-v16-mas-avanzada-conectada-a-dgt-3-0-luz-emergencia-homologado-y-certificado-por-dgt\/","title":{"rendered":"Baliza V16 Mas Avanzada | Conectada a DGT 3.0 | Luz Emergencia Homologado y Certificado por DGT"},"content":{"rendered":"<p><img fetchpriority=\"high\" decoding=\"async\" class=\"size-full wp-image-16805 aligncenter\" src=\"https:\/\/teal-lobster-750471.hostingersite.com\/wp-content\/uploads\/2026\/01\/fb9fc5c18d9046a295973aa131258b6d_tplv-t5fjg24jzw-resize-jpeg_800_800.jpg\" alt=\"\" width=\"800\" height=\"800\" \/> <img decoding=\"async\" class=\"size-full wp-image-16806 aligncenter\" src=\"https:\/\/teal-lobster-750471.hostingersite.com\/wp-content\/uploads\/2026\/01\/QQ_1769498236723.png\" alt=\"\" width=\"800\" height=\"800\" \/> <img decoding=\"async\" class=\"size-full wp-image-16807 aligncenter\" src=\"https:\/\/teal-lobster-750471.hostingersite.com\/wp-content\/uploads\/2026\/01\/b6d211ce1d7f4e1f9a1bdd21eec86291_tplv-t5fjg24jzw-resize-jpeg_800_800.jpg\" alt=\"\" width=\"800\" height=\"800\" \/> <img loading=\"lazy\" decoding=\"async\" class=\"size-full wp-image-16808 aligncenter\" src=\"https:\/\/teal-lobster-750471.hostingersite.com\/wp-content\/uploads\/2026\/01\/b11df99fc0aa42f7b16605c683e68ffc_tplv-t5fjg24jzw-resize-jpeg_800_800.jpg\" alt=\"\" width=\"800\" height=\"800\" \/> <img loading=\"lazy\" decoding=\"async\" class=\"size-full wp-image-16809 aligncenter\" src=\"https:\/\/teal-lobster-750471.hostingersite.com\/wp-content\/uploads\/2026\/01\/f2250ae9e14247c5b1eaa431d4704791_tplv-t5fjg24jzw-resize-jpeg_800_800.jpg\" alt=\"\" width=\"800\" height=\"800\" \/><\/p>\n<div class=\"elementor-widget-container\">\n# Informaci\u00f3n del producto<\/p>\n<div class=\"product-table\">\n<div class=\"product-row\">\n<div class=\"product-label\">Caracter\u00edsticas especiales<\/div>\n<div class=\"product-value\">Versi\u00f3n m\u00e1s avanzada Baliza V16, conectada a DGT 3.0, luz de emergencia vehicular, homologada y certificada oficialmente por la DGT, alta luminosidad LED, funcionalidades actualizadas<\/div>\n<\/div>\n<div class=\"product-row\">\n<div class=\"product-label\"><strong>Color<\/strong><\/div>\n<div class=\"product-value\"><strong>Amarillo luminoso, Negro<\/strong><\/div>\n<\/div>\n<div class=\"product-row\">\n<div class=\"product-label\"><strong>Marca<\/strong><\/div>\n<div class=\"product-value\"><strong>Baliza V16<\/strong><\/div>\n<\/div>\n<div class=\"product-row\">\n<div class=\"product-label\"><strong>Dimensiones del producto<\/strong><\/div>\n<div class=\"product-value\"><strong>Dise\u00f1o compacto y ergon\u00f3mico, medidas adaptadas para uso vehicular, f\u00e1cil de almacenar<\/strong><\/div>\n<\/div>\n<div class=\"product-row\">\n<div class=\"product-label\"><strong>Peso del art\u00edculo<\/strong><\/div>\n<div class=\"product-value\"><strong>Ligero, manejable, ideal para transporte y uso emergente<\/strong><\/div>\n<\/div>\n<div class=\"product-row\">\n<div class=\"product-label\"><strong>Componentes incluidos<\/strong><\/div>\n<div class=\"product-value\"><strong>1 Baliza V16 (versi\u00f3n m\u00e1s avanzada), 1 base de sujeci\u00f3n universal, cable de carga USB-C, 1 manual de instrucciones en espa\u00f1ol, certificado de homologaci\u00f3n DGT<\/strong><\/div>\n<\/div>\n<div class=\"product-row\">\n<div class=\"product-label\"><strong>Fabricante<\/strong><\/div>\n<div class=\"product-value\"><strong>Baliza V16 Oficial<\/strong><\/div>\n<\/div>\n<div class=\"product-row\">\n<div class=\"product-label\"><strong>ASIN<\/strong><\/div>\n<div class=\"product-value\"><strong>B0F9XZ43MP<\/strong><\/div>\n<\/div>\n<div class=\"product-row\">\n<div class=\"product-label\"><strong>N\u00famero de modelo del producto<\/strong><\/div>\n<div class=\"product-value\"><strong>V16-DGT3.0-PRO<\/strong><\/div>\n<\/div>\n<div class=\"product-row\">\n<div class=\"product-label\"><strong>Opini\u00f3n media de los clientes<\/strong><\/div>\n<div class=\"product-value\"><strong>4,9 \u2605\u2605\u2605\u2605\u2605 (1358) 4,9 de 5 estrellas<\/strong><\/div>\n<\/div>\n<div class=\"product-row\">\n<div class=\"product-label\"><strong>Clasificaci\u00f3n en los m\u00e1s vendidos de Amazon<\/strong><\/div>\n<div class=\"product-value\"><strong>n\u00ba1,892 en Accesorios para Coches y Motocicletas (Ver el Top 100 en esta categor\u00eda) n\u00ba1 en Balizas Homologadas DGT 3.0<\/strong><\/div>\n<\/div>\n<div class=\"product-row\">\n<div class=\"product-label\"><strong>Producto en amazon.com desde<\/strong><\/div>\n<div class=\"product-value\"><strong>05 de marzo de 2026<\/strong><\/div>\n<\/div>\n<\/div>\n<style>\n.product-table {\nwidth: 100%;\nborder-top: 1px solid #000;\nfont-family: Arial, sans-serif;\n}\n.product-row {\ndisplay: flex;\nborder-bottom: 1px solid #000;\npadding: 12px 0;\n}\n.product-label {\nflex: 1;\nfont-weight: bold;\nmin-width: 200px;\npadding-right: 20px;\n}\n.product-value {\nflex: 1;\nmin-width: 200px;\n}\n<\/style>","protected":false},"excerpt":{"rendered":"<p># Informaci\u00f3n del producto Caracter\u00edsticas especiales Versi\u00f3n m\u00e1s avanzada Baliza V16, conectada a DGT 3.0, luz de emergencia vehicular, homologada y certificada oficialmente por la DGT, alta luminosidad LED, funcionalidades actualizadas Color Amarillo luminoso, Negro Marca Baliza V16 Dimensiones del producto Dise\u00f1o compacto y ergon\u00f3mico, medidas adaptadas para uso vehicular, f\u00e1cil de almacenar Peso del [&hellip;]<\/p>","protected":false},"featured_media":2910,"comment_status":"open","ping_status":"closed","template":"","meta":{"_acf_changed":false},"product_brand":[],"product_cat":[35],"product_tag":[],"class_list":{"0":"post-2909","1":"product","2":"type-product","3":"status-publish","4":"has-post-thumbnail","6":"product_cat-sale","8":"first","9":"instock","10":"sale","11":"shipping-taxable","12":"purchasable","13":"product-type-simple"},"acf":[],"_links":{"self":[{"href":"https:\/\/shopxclusive.shop\/es\/wp-json\/wp\/v2\/product\/2909","targetHints":{"allow":["GET"]}}],"collection":[{"href":"https:\/\/shopxclusive.shop\/es\/wp-json\/wp\/v2\/product"}],"about":[{"href":"https:\/\/shopxclusive.shop\/es\/wp-json\/wp\/v2\/types\/product"}],"replies":[{"embeddable":true,"href":"https:\/\/shopxclusive.shop\/es\/wp-json\/wp\/v2\/comments?post=2909"}],"version-history":[{"count":0,"href":"https:\/\/shopxclusive.shop\/es\/wp-json\/wp\/v2\/product\/2909\/revisions"}],"wp:featuredmedia":[{"embeddable":true,"href":"https:\/\/shopxclusive.shop\/es\/wp-json\/wp\/v2\/media\/2910"}],"wp:attachment":[{"href":"https:\/\/shopxclusive.shop\/es\/wp-json\/wp\/v2\/media?parent=2909"}],"wp:term":[{"taxonomy":"product_brand","embeddable":true,"href":"https:\/\/shopxclusive.shop\/es\/wp-json\/wp\/v2\/product_brand?post=2909"},{"taxonomy":"product_cat","embeddable":true,"href":"https:\/\/shopxclusive.shop\/es\/wp-json\/wp\/v2\/product_cat?post=2909"},{"taxonomy":"product_tag","embeddable":true,"href":"https:\/\/shopxclusive.shop\/es\/wp-json\/wp\/v2\/product_tag?post=2909"}],"curies":[{"name":"wp","href":"https:\/\/api.w.org\/{rel}","templated":true}]}}