{"id":3288,"date":"2026-03-19T06:27:51","date_gmt":"2026-03-19T06:27:51","guid":{"rendered":"https:\/\/shopxclusive.shop\/?post_type=product&#038;p=3288"},"modified":"2026-03-19T06:44:49","modified_gmt":"2026-03-19T06:44:49","slug":"nuevo-aceite-de-oliva-virgen-extra-sin-filtrar-5l-temprano-campana-25-26","status":"publish","type":"product","link":"https:\/\/shopxclusive.shop\/es\/producto\/nuevo-aceite-de-oliva-virgen-extra-sin-filtrar-5l-temprano-campana-25-26\/","title":{"rendered":"NUEVO Aceite de oliva virgen extra sin filtrar 5L - Temprano - Campa\u00f1a 25.26"},"content":{"rendered":"<div data-elementor-type=\"product-post\" data-elementor-id=\"3288\" class=\"elementor elementor-3288\" data-elementor-post-type=\"product\">\n\t\t\t\t<div class=\"elementor-element elementor-element-24ef8eef e-flex e-con-boxed e-con e-parent\" data-id=\"24ef8eef\" data-element_type=\"container\" data-settings=\"{&quot;ekit_has_onepagescroll_dot&quot;:&quot;yes&quot;}\">\n\t\t\t\t\t<div class=\"e-con-inner\">\n\t\t\t\t<div class=\"elementor-element elementor-element-32573803 elementor-position-left elementor-vertical-align-top elementor-widget elementor-widget-image-box\" data-id=\"32573803\" data-element_type=\"widget\" data-settings=\"{&quot;ekit_we_effect_on&quot;:&quot;none&quot;}\" data-widget_type=\"image-box.default\">\n\t\t\t\t<div class=\"elementor-widget-container\">\n\t\t\t\t\t<div class=\"elementor-image-box-wrapper\"><figure class=\"elementor-image-box-img\"><img fetchpriority=\"high\" decoding=\"async\" width=\"300\" height=\"300\" src=\"https:\/\/shopxclusive.shop\/wp-content\/uploads\/2026\/03\/966bd567-342b-4239-b88e-f22837e9bedc.__CR0100800800_PT0_SX300_V1___.jpg\" class=\"attachment-full size-full wp-image-3298 wvs-archive-product-image\" alt=\"\" srcset=\"https:\/\/shopxclusive.shop\/wp-content\/uploads\/2026\/03\/966bd567-342b-4239-b88e-f22837e9bedc.__CR0100800800_PT0_SX300_V1___.jpg 300w, https:\/\/shopxclusive.shop\/wp-content\/uploads\/2026\/03\/966bd567-342b-4239-b88e-f22837e9bedc.__CR0100800800_PT0_SX300_V1___-150x150.jpg 150w, https:\/\/shopxclusive.shop\/wp-content\/uploads\/2026\/03\/966bd567-342b-4239-b88e-f22837e9bedc.__CR0100800800_PT0_SX300_V1___-12x12.jpg 12w, https:\/\/shopxclusive.shop\/wp-content\/uploads\/2026\/03\/966bd567-342b-4239-b88e-f22837e9bedc.__CR0100800800_PT0_SX300_V1___-110x110.jpg 110w, https:\/\/shopxclusive.shop\/wp-content\/uploads\/2026\/03\/966bd567-342b-4239-b88e-f22837e9bedc.__CR0100800800_PT0_SX300_V1___-60x60.jpg 60w, https:\/\/shopxclusive.shop\/wp-content\/uploads\/2026\/03\/966bd567-342b-4239-b88e-f22837e9bedc.__CR0100800800_PT0_SX300_V1___-100x100.jpg 100w, https:\/\/shopxclusive.shop\/wp-content\/uploads\/2026\/03\/966bd567-342b-4239-b88e-f22837e9bedc.__CR0100800800_PT0_SX300_V1___-50x50.jpg 50w\" sizes=\"(max-width: 300px) 100vw, 300px\" \/><\/figure><div class=\"elementor-image-box-content\"><h3 class=\"elementor-image-box-title\">\u00bfQu\u00e9 es el aceite de oliva virgen extra?<\/h3><p class=\"elementor-image-box-description\">Durante miles de a\u00f1os, el aceite de oliva virgen extra (AOVE) ha sido considerado \"oro l\u00edquido\", un zumo de aceituna puro y natural conocido por su rico sabor y sus numerosos beneficios para la salud. Derivado del fruto del olivo, un cultivo tradicional mediterr\u00e1neo, el AOVE se produce prensando aceitunas enteras recogidas durante las primeras fases de maduraci\u00f3n, normalmente de noviembre a febrero en el hemisferio norte. El resultado es un aceite de gran calidad, fundamental en la dieta mediterr\u00e1nea y apreciado en todo el mundo por su sabor \u00fanico y sus propiedades nutritivas.<\/p><\/div><\/div>\t\t\t\t<\/div>\n\t\t\t\t<\/div>\n\t\t\t\t<div class=\"elementor-element elementor-element-fa707b9 elementor-position-right elementor-vertical-align-top elementor-widget elementor-widget-image-box\" data-id=\"fa707b9\" data-element_type=\"widget\" data-settings=\"{&quot;ekit_we_effect_on&quot;:&quot;none&quot;}\" data-widget_type=\"image-box.default\">\n\t\t\t\t<div class=\"elementor-widget-container\">\n\t\t\t\t\t<div class=\"elementor-image-box-wrapper\"><figure class=\"elementor-image-box-img\"><img decoding=\"async\" width=\"300\" height=\"300\" src=\"https:\/\/shopxclusive.shop\/wp-content\/uploads\/2026\/03\/1273f0be-5da2-493d-b90c-d93be48370b1.__CR00300300_PT0_SX300_V1___.png\" class=\"attachment-full size-full wp-image-3299 wvs-archive-product-image\" alt=\"\" srcset=\"https:\/\/shopxclusive.shop\/wp-content\/uploads\/2026\/03\/1273f0be-5da2-493d-b90c-d93be48370b1.__CR00300300_PT0_SX300_V1___.png 300w, https:\/\/shopxclusive.shop\/wp-content\/uploads\/2026\/03\/1273f0be-5da2-493d-b90c-d93be48370b1.__CR00300300_PT0_SX300_V1___-150x150.png 150w, https:\/\/shopxclusive.shop\/wp-content\/uploads\/2026\/03\/1273f0be-5da2-493d-b90c-d93be48370b1.__CR00300300_PT0_SX300_V1___-12x12.png 12w, https:\/\/shopxclusive.shop\/wp-content\/uploads\/2026\/03\/1273f0be-5da2-493d-b90c-d93be48370b1.__CR00300300_PT0_SX300_V1___-110x110.png 110w, https:\/\/shopxclusive.shop\/wp-content\/uploads\/2026\/03\/1273f0be-5da2-493d-b90c-d93be48370b1.__CR00300300_PT0_SX300_V1___-60x60.png 60w, https:\/\/shopxclusive.shop\/wp-content\/uploads\/2026\/03\/1273f0be-5da2-493d-b90c-d93be48370b1.__CR00300300_PT0_SX300_V1___-100x100.png 100w, https:\/\/shopxclusive.shop\/wp-content\/uploads\/2026\/03\/1273f0be-5da2-493d-b90c-d93be48370b1.__CR00300300_PT0_SX300_V1___-50x50.png 50w\" sizes=\"(max-width: 300px) 100vw, 300px\" \/><\/figure><div class=\"elementor-image-box-content\"><h3 class=\"elementor-image-box-title\">Polifenoles: Los potentes antioxidantes del AOVE<\/h3><p class=\"elementor-image-box-description\">Los polifenoles son potentes antioxidantes que abundan en el aceite de oliva virgen extra y contribuyen a sus sabores caracter\u00edsticos, como las notas picantes y amargas. Variedades como la Picual, conocidas por su alto contenido en polifenoles, son especialmente apreciadas. Estos compuestos, como la oleurope\u00edna, el oleocantal y el hidroxitirosol, est\u00e1n relacionados con muchos de los beneficios del AOVE para la salud, desde efectos antiinflamatorios hasta una mejor salud cardiaca. Es esencial consumir AOVE fresco y de alta calidad para maximizar estos beneficios, ya que los polifenoles se degradan con el tiempo y cuando se exponen al calor, el ox\u00edgeno y la luz.<\/p><\/div><\/div>\t\t\t\t<\/div>\n\t\t\t\t<\/div>\n\t\t\t\t<div class=\"elementor-element elementor-element-b7b1b2e elementor-position-left elementor-vertical-align-top elementor-widget elementor-widget-image-box\" data-id=\"b7b1b2e\" data-element_type=\"widget\" data-settings=\"{&quot;ekit_we_effect_on&quot;:&quot;none&quot;}\" data-widget_type=\"image-box.default\">\n\t\t\t\t<div class=\"elementor-widget-container\">\n\t\t\t\t\t<div class=\"elementor-image-box-wrapper\"><figure class=\"elementor-image-box-img\"><img decoding=\"async\" width=\"483\" height=\"483\" src=\"https:\/\/shopxclusive.shop\/wp-content\/uploads\/2026\/03\/31JLsP-X9-L.jpg\" class=\"attachment-full size-full wp-image-3300 wvs-archive-product-image\" alt=\"\" srcset=\"https:\/\/shopxclusive.shop\/wp-content\/uploads\/2026\/03\/31JLsP-X9-L.jpg 483w, https:\/\/shopxclusive.shop\/wp-content\/uploads\/2026\/03\/31JLsP-X9-L-300x300.jpg 300w, https:\/\/shopxclusive.shop\/wp-content\/uploads\/2026\/03\/31JLsP-X9-L-150x150.jpg 150w, https:\/\/shopxclusive.shop\/wp-content\/uploads\/2026\/03\/31JLsP-X9-L-12x12.jpg 12w, https:\/\/shopxclusive.shop\/wp-content\/uploads\/2026\/03\/31JLsP-X9-L-110x110.jpg 110w, https:\/\/shopxclusive.shop\/wp-content\/uploads\/2026\/03\/31JLsP-X9-L-60x60.jpg 60w, https:\/\/shopxclusive.shop\/wp-content\/uploads\/2026\/03\/31JLsP-X9-L-100x100.jpg 100w, https:\/\/shopxclusive.shop\/wp-content\/uploads\/2026\/03\/31JLsP-X9-L-50x50.jpg 50w\" sizes=\"(max-width: 483px) 100vw, 483px\" \/><\/figure><div class=\"elementor-image-box-content\"><h3 class=\"elementor-image-box-title\">Aceituna Picual: La columna vertebral del AOVE Olivar Santamar\u00eda<\/h3><p class=\"elementor-image-box-description\">Las aceitunas Picual, cultivadas principalmente en la provincia espa\u00f1ola de Ja\u00e9n y en la regi\u00f3n de Andaluc\u00eda, son conocidas por su alto contenido en polifenoles y su rico perfil de sabor. El AOVE Olivar Santamar\u00eda Picual es un producto de primera calidad con unas cifras anal\u00edticas impresionantes<\/p><\/div><\/div>\t\t\t\t<\/div>\n\t\t\t\t<\/div>\n\t\t\t\t<div class=\"elementor-element elementor-element-6d94fea1 elementor-widget elementor-widget-heading\" data-id=\"6d94fea1\" data-element_type=\"widget\" data-settings=\"{&quot;ekit_we_effect_on&quot;:&quot;none&quot;}\" data-widget_type=\"heading.default\">\n\t\t\t\t<div class=\"elementor-widget-container\">\n\t\t\t\t\t<h2 class=\"elementor-heading-title elementor-size-default\">Este AOVE es perfecto para el uso diario, ya sea en salsas, ensaladas o para mojar pan. Su sabor picante y su amargor indican un alto contenido en polifenoles, lo que contribuye a sus beneficios para la salud.<\/h2>\t\t\t\t<\/div>\n\t\t\t\t<\/div>\n\t\t\t\t\t<\/div>\n\t\t\t\t<\/div>\n\t\t<div class=\"elementor-element elementor-element-321f25d0 e-grid e-con-boxed e-con e-parent\" data-id=\"321f25d0\" data-element_type=\"container\" data-settings=\"{&quot;ekit_has_onepagescroll_dot&quot;:&quot;yes&quot;}\">\n\t\t\t\t\t<div class=\"e-con-inner\">\n\t\t\t\t<div class=\"elementor-element elementor-element-45466872 elementor-widget elementor-widget-image\" data-id=\"45466872\" data-element_type=\"widget\" data-settings=\"{&quot;ekit_we_effect_on&quot;:&quot;none&quot;}\" data-widget_type=\"image.default\">\n\t\t\t\t<div class=\"elementor-widget-container\">\n\t\t\t\t\t\t\t\t\t\t\t\t\t\t\t<img loading=\"lazy\" decoding=\"async\" width=\"300\" height=\"300\" src=\"https:\/\/shopxclusive.shop\/wp-content\/uploads\/2026\/03\/5865ec0f-a6ff-4a88-bbd2-efc4fbd0816e.__CR0010801080_PT0_SX300_V1___-1.jpg\" class=\"attachment-large size-large wp-image-3301 wvs-archive-product-image\" alt=\"\" srcset=\"https:\/\/shopxclusive.shop\/wp-content\/uploads\/2026\/03\/5865ec0f-a6ff-4a88-bbd2-efc4fbd0816e.__CR0010801080_PT0_SX300_V1___-1.jpg 300w, https:\/\/shopxclusive.shop\/wp-content\/uploads\/2026\/03\/5865ec0f-a6ff-4a88-bbd2-efc4fbd0816e.__CR0010801080_PT0_SX300_V1___-1-150x150.jpg 150w, https:\/\/shopxclusive.shop\/wp-content\/uploads\/2026\/03\/5865ec0f-a6ff-4a88-bbd2-efc4fbd0816e.__CR0010801080_PT0_SX300_V1___-1-12x12.jpg 12w, https:\/\/shopxclusive.shop\/wp-content\/uploads\/2026\/03\/5865ec0f-a6ff-4a88-bbd2-efc4fbd0816e.__CR0010801080_PT0_SX300_V1___-1-110x110.jpg 110w, https:\/\/shopxclusive.shop\/wp-content\/uploads\/2026\/03\/5865ec0f-a6ff-4a88-bbd2-efc4fbd0816e.__CR0010801080_PT0_SX300_V1___-1-60x60.jpg 60w, https:\/\/shopxclusive.shop\/wp-content\/uploads\/2026\/03\/5865ec0f-a6ff-4a88-bbd2-efc4fbd0816e.__CR0010801080_PT0_SX300_V1___-1-100x100.jpg 100w, https:\/\/shopxclusive.shop\/wp-content\/uploads\/2026\/03\/5865ec0f-a6ff-4a88-bbd2-efc4fbd0816e.__CR0010801080_PT0_SX300_V1___-1-50x50.jpg 50w\" sizes=\"(max-width: 300px) 100vw, 300px\" \/>\t\t\t\t\t\t\t\t\t\t\t\t\t\t\t<\/div>\n\t\t\t\t<\/div>\n\t\t\t\t<div class=\"elementor-element elementor-element-9d1ac01 elementor-widget elementor-widget-image\" data-id=\"9d1ac01\" data-element_type=\"widget\" data-settings=\"{&quot;ekit_we_effect_on&quot;:&quot;none&quot;}\" data-widget_type=\"image.default\">\n\t\t\t\t<div class=\"elementor-widget-container\">\n\t\t\t\t\t\t\t\t\t\t\t\t\t\t\t<img loading=\"lazy\" decoding=\"async\" width=\"300\" height=\"300\" src=\"https:\/\/shopxclusive.shop\/wp-content\/uploads\/2026\/03\/ab9d1714-3465-4d78-8e31-68ffd992f644.__CR0010801080_PT0_SX300_V1___.jpg\" class=\"attachment-large size-large wp-image-3302 wvs-archive-product-image\" alt=\"\" srcset=\"https:\/\/shopxclusive.shop\/wp-content\/uploads\/2026\/03\/ab9d1714-3465-4d78-8e31-68ffd992f644.__CR0010801080_PT0_SX300_V1___.jpg 300w, https:\/\/shopxclusive.shop\/wp-content\/uploads\/2026\/03\/ab9d1714-3465-4d78-8e31-68ffd992f644.__CR0010801080_PT0_SX300_V1___-150x150.jpg 150w, https:\/\/shopxclusive.shop\/wp-content\/uploads\/2026\/03\/ab9d1714-3465-4d78-8e31-68ffd992f644.__CR0010801080_PT0_SX300_V1___-12x12.jpg 12w, https:\/\/shopxclusive.shop\/wp-content\/uploads\/2026\/03\/ab9d1714-3465-4d78-8e31-68ffd992f644.__CR0010801080_PT0_SX300_V1___-110x110.jpg 110w, https:\/\/shopxclusive.shop\/wp-content\/uploads\/2026\/03\/ab9d1714-3465-4d78-8e31-68ffd992f644.__CR0010801080_PT0_SX300_V1___-60x60.jpg 60w, https:\/\/shopxclusive.shop\/wp-content\/uploads\/2026\/03\/ab9d1714-3465-4d78-8e31-68ffd992f644.__CR0010801080_PT0_SX300_V1___-100x100.jpg 100w, https:\/\/shopxclusive.shop\/wp-content\/uploads\/2026\/03\/ab9d1714-3465-4d78-8e31-68ffd992f644.__CR0010801080_PT0_SX300_V1___-50x50.jpg 50w\" sizes=\"(max-width: 300px) 100vw, 300px\" \/>\t\t\t\t\t\t\t\t\t\t\t\t\t\t\t<\/div>\n\t\t\t\t<\/div>\n\t\t\t\t<div class=\"elementor-element elementor-element-53eddd94 elementor-widget elementor-widget-image\" data-id=\"53eddd94\" data-element_type=\"widget\" data-settings=\"{&quot;ekit_we_effect_on&quot;:&quot;none&quot;}\" data-widget_type=\"image.default\">\n\t\t\t\t<div class=\"elementor-widget-container\">\n\t\t\t\t\t\t\t\t\t\t\t\t\t\t\t<img loading=\"lazy\" decoding=\"async\" width=\"300\" height=\"300\" src=\"https:\/\/shopxclusive.shop\/wp-content\/uploads\/2026\/03\/ff8cf3f6-f92e-48cf-b39d-d0f26e379552.__CR0010801080_PT0_SX300_V1___.jpg\" class=\"attachment-large size-large wp-image-3303 wvs-archive-product-image\" alt=\"\" srcset=\"https:\/\/shopxclusive.shop\/wp-content\/uploads\/2026\/03\/ff8cf3f6-f92e-48cf-b39d-d0f26e379552.__CR0010801080_PT0_SX300_V1___.jpg 300w, https:\/\/shopxclusive.shop\/wp-content\/uploads\/2026\/03\/ff8cf3f6-f92e-48cf-b39d-d0f26e379552.__CR0010801080_PT0_SX300_V1___-150x150.jpg 150w, https:\/\/shopxclusive.shop\/wp-content\/uploads\/2026\/03\/ff8cf3f6-f92e-48cf-b39d-d0f26e379552.__CR0010801080_PT0_SX300_V1___-12x12.jpg 12w, https:\/\/shopxclusive.shop\/wp-content\/uploads\/2026\/03\/ff8cf3f6-f92e-48cf-b39d-d0f26e379552.__CR0010801080_PT0_SX300_V1___-110x110.jpg 110w, https:\/\/shopxclusive.shop\/wp-content\/uploads\/2026\/03\/ff8cf3f6-f92e-48cf-b39d-d0f26e379552.__CR0010801080_PT0_SX300_V1___-60x60.jpg 60w, https:\/\/shopxclusive.shop\/wp-content\/uploads\/2026\/03\/ff8cf3f6-f92e-48cf-b39d-d0f26e379552.__CR0010801080_PT0_SX300_V1___-100x100.jpg 100w, https:\/\/shopxclusive.shop\/wp-content\/uploads\/2026\/03\/ff8cf3f6-f92e-48cf-b39d-d0f26e379552.__CR0010801080_PT0_SX300_V1___-50x50.jpg 50w\" sizes=\"(max-width: 300px) 100vw, 300px\" \/>\t\t\t\t\t\t\t\t\t\t\t\t\t\t\t<\/div>\n\t\t\t\t<\/div>\n\t\t\t\t\t<\/div>\n\t\t\t\t<\/div>\n\t\t<div class=\"elementor-element elementor-element-7c8ee6d2 e-flex e-con-boxed e-con e-parent\" data-id=\"7c8ee6d2\" data-element_type=\"container\" data-settings=\"{&quot;ekit_has_onepagescroll_dot&quot;:&quot;yes&quot;}\">\n\t\t\t\t\t<div class=\"e-con-inner\">\n\t\t\t\t<div class=\"elementor-element elementor-element-5756dd14 elementor-widget elementor-widget-text-editor\" data-id=\"5756dd14\" data-element_type=\"widget\" data-settings=\"{&quot;ekit_we_effect_on&quot;:&quot;none&quot;}\" data-widget_type=\"text-editor.default\">\n\t\t\t\t<div class=\"elementor-widget-container\">\n\t\t\t\t\t\t\t\t\t<p style=\"border-bottom: 1px solid black; padding-bottom: 4px; text-align: left; width: 100%; margin: 10px 0;\">Acerca de este art\u00edculo<\/p>\n<div style=\"display: flex; justify-content: space-between; border-bottom: 1px solid black; padding-bottom: 4px; margin: 10px 0;\">\n  <span>Sabor<\/span>\n  <span>Aceite de oliva virgen extra<\/span>\n<\/div>\n<div style=\"display: flex; justify-content: space-between; border-bottom: 1px solid black; padding-bottom: 4px; margin: 10px 0;\">\n  <span>Volumen de contenido neto<\/span>\n  <span>101,44 onzas l\u00edquidas<\/span>\n<\/div>\n<div style=\"display: flex; justify-content: space-between; border-bottom: 1px solid black; padding-bottom: 4px; margin: 10px 0;\">\n  <span>Volumen de l\u00edquido<\/span>\n  <span>101,44 onzas l\u00edquidas<\/span>\n<\/div>\n<div style=\"display: flex; justify-content: space-between; border-bottom: 1px solid black; padding-bottom: 4px; margin: 10px 0;\">\n  <span>Art\u00edculo Paquete Cantidad<\/span>\n  <span>1<\/span>\n<\/div>\t\t\t\t\t\t\t\t<\/div>\n\t\t\t\t<\/div>\n\t\t\t\t\t<\/div>\n\t\t\t\t<\/div>\n\t\t\t\t<\/div>","protected":false},"excerpt":{"rendered":"<ul class=\"a-unordered-list a-vertical a-spacing-mini\">\n<li class=\"a-spacing-mini\"><span class=\"a-list-item\">\u2705NUTRITIONAL ATTRIBUTES: Low Acidity 0.17% (&lt;0.80%), High concentration of Polyphenols such as Oleuropein, Oleocanthal, Hydroxytyrosol, Tyrosol and the organic compound Squalene.<\/span><\/li>\n<li class=\"a-spacing-mini\"><span class=\"a-list-item\">\u2705INTENSITY: Medium to Mild<\/span><\/li>\n<li class=\"a-spacing-mini\"><span class=\"a-list-item\">\u2705RECOMMENDED USE: Salad Dressing, Finishing, Cooking, and Frying<\/span><\/li>\n<li class=\"a-spacing-mini\"><span class=\"a-list-item\">\u2705HIGH SMOKE POINT: Over 500\u00b0F<\/span><\/li>\n<li class=\"a-spacing-mini\"><span class=\"a-list-item\">\u2705TASTING NOTES: Artichoke, Almond, Flowers, Spice, Tomato &amp; Red Pepper.<\/span><\/li>\n<\/ul>","protected":false},"featured_media":3289,"comment_status":"open","ping_status":"closed","template":"","meta":{"_acf_changed":false},"product_brand":[],"product_cat":[61,35],"product_tag":[],"class_list":{"0":"post-3288","1":"product","2":"type-product","3":"status-publish","4":"has-post-thumbnail","6":"product_cat-dao","7":"product_cat-sale","9":"first","10":"instock","11":"sale","12":"shipping-taxable","13":"purchasable","14":"product-type-simple"},"acf":[],"_links":{"self":[{"href":"https:\/\/shopxclusive.shop\/es\/wp-json\/wp\/v2\/product\/3288","targetHints":{"allow":["GET"]}}],"collection":[{"href":"https:\/\/shopxclusive.shop\/es\/wp-json\/wp\/v2\/product"}],"about":[{"href":"https:\/\/shopxclusive.shop\/es\/wp-json\/wp\/v2\/types\/product"}],"replies":[{"embeddable":true,"href":"https:\/\/shopxclusive.shop\/es\/wp-json\/wp\/v2\/comments?post=3288"}],"version-history":[{"count":0,"href":"https:\/\/shopxclusive.shop\/es\/wp-json\/wp\/v2\/product\/3288\/revisions"}],"wp:featuredmedia":[{"embeddable":true,"href":"https:\/\/shopxclusive.shop\/es\/wp-json\/wp\/v2\/media\/3289"}],"wp:attachment":[{"href":"https:\/\/shopxclusive.shop\/es\/wp-json\/wp\/v2\/media?parent=3288"}],"wp:term":[{"taxonomy":"product_brand","embeddable":true,"href":"https:\/\/shopxclusive.shop\/es\/wp-json\/wp\/v2\/product_brand?post=3288"},{"taxonomy":"product_cat","embeddable":true,"href":"https:\/\/shopxclusive.shop\/es\/wp-json\/wp\/v2\/product_cat?post=3288"},{"taxonomy":"product_tag","embeddable":true,"href":"https:\/\/shopxclusive.shop\/es\/wp-json\/wp\/v2\/product_tag?post=3288"}],"curies":[{"name":"wp","href":"https:\/\/api.w.org\/{rel}","templated":true}]}}