{"id":3377,"date":"2026-04-04T07:39:19","date_gmt":"2026-04-04T07:39:19","guid":{"rendered":"https:\/\/shopxclusive.shop\/?post_type=product&#038;p=3377"},"modified":"2026-04-04T08:07:37","modified_gmt":"2026-04-04T08:07:37","slug":"ledone-baliza-v16-obligatoria-dgt-2026-luz-de-emergencia-led-one-connected-con-conectividad-nb-iot-y-gps-preciso-eco-friendly-y-compacta","status":"publish","type":"product","link":"https:\/\/shopxclusive.shop\/es\/producto\/ledone-baliza-v16-obligatoria-dgt-2026-luz-de-emergencia-led-one-connected-con-conectividad-nb-iot-y-gps-preciso-eco-friendly-y-compacta\/","title":{"rendered":"LEDONE Baliza V16 Obligatoria DGT 2026 - Luz de Emergencia LED ONE Connected con Conectividad NB-IoT y GPS Preciso - ECO Friendly y Compacta"},"content":{"rendered":"<div data-elementor-type=\"product-post\" data-elementor-id=\"3377\" class=\"elementor elementor-3377\" data-elementor-post-type=\"product\">\n\t\t\t\t<div class=\"elementor-element elementor-element-a56d7e2 e-flex e-con-boxed e-con e-parent\" data-id=\"a56d7e2\" data-element_type=\"container\" data-settings=\"{&quot;ekit_has_onepagescroll_dot&quot;:&quot;yes&quot;}\">\n\t\t\t\t\t<div class=\"e-con-inner\">\n\t\t<div class=\"elementor-element elementor-element-2f6705d4 e-con-full e-flex e-con e-child\" data-id=\"2f6705d4\" data-element_type=\"container\" data-settings=\"{&quot;ekit_has_onepagescroll_dot&quot;:&quot;yes&quot;}\">\n\t\t\t\t<div class=\"elementor-element elementor-element-381ef868 elementor-widget elementor-widget-video\" data-id=\"381ef868\" data-element_type=\"widget\" data-settings=\"{&quot;video_type&quot;:&quot;hosted&quot;,&quot;controls&quot;:&quot;yes&quot;,&quot;ekit_we_effect_on&quot;:&quot;none&quot;}\" data-widget_type=\"video.default\">\n\t\t\t\t<div class=\"elementor-widget-container\">\n\t\t\t\t\t\t\t<div class=\"e-hosted-video elementor-wrapper elementor-open-inline\">\n\t\t\t\t\t<video class=\"elementor-video\" src=\"https:\/\/shopxclusive.shop\/wp-content\/uploads\/2026\/04\/video_2026-02-09_14-50-56.mp4\" controls=\"\" preload=\"metadata\" controlslist=\"nodownload\"><\/video>\n\t\t\t\t<\/div>\n\t\t\t\t\t\t<\/div>\n\t\t\t\t<\/div>\n\t\t\t\t<\/div>\n\t\t<div class=\"elementor-element elementor-element-43babf53 e-con-full e-flex e-con e-child\" data-id=\"43babf53\" data-element_type=\"container\" data-settings=\"{&quot;ekit_has_onepagescroll_dot&quot;:&quot;yes&quot;}\">\n\t\t\t\t<div class=\"elementor-element elementor-element-e182325 elementor-widget elementor-widget-text-editor\" data-id=\"e182325\" data-element_type=\"widget\" data-settings=\"{&quot;ekit_we_effect_on&quot;:&quot;none&quot;}\" data-widget_type=\"text-editor.default\">\n\t\t\t\t<div class=\"elementor-widget-container\">\n\t\t\t\t\t\t\t\t\t<!DOCTYPE html>\n<html>\n<head>\n    <style>\n        .product-info {\n            width: 100%;\n            border-collapse: collapse;\n            font-family: Arial, sans-serif;\n        }\n        .product-info tr {\n            border-bottom: 1px solid #000;\n        }\n        .product-info td {\n            padding: 8px 0;\n            vertical-align: top;\n        }\n        .label {\n            font-weight: bold;\n            padding-right: 20px;\n            min-width: 160px;\n        }\n    <\/style>\n<\/head>\n<body>\n    <table class=\"product-info\">\n        <tr>\n            <td class=\"label\">Informaci\u00f3n sobre el producto<\/td>\n            <td>Detalles t\u00e9cnicos<\/td>\n        <\/tr>\n        <tr>\n            <td class=\"label\">Modelo<\/td>\n            <td>LEDONE ECO Conectado<\/td>\n        <\/tr>\n        <tr>\n            <td class=\"label\">Peso del producto<\/td>\n            <td>270 g<\/td>\n        <\/tr>\n        <tr>\n            <td class=\"label\">Dimensiones del paquete<\/td>\n            <td>12,6 x 7,2 x 7,2 cm; 270 g<\/td>\n        <\/tr>\n        <tr>\n            <td class=\"label\">Pilas<\/td>\n            <td>1 AAA necesaria(s), incluida(s)<\/td>\n        <\/tr>\n        <tr>\n            <td class=\"label\">Posici\u00f3n<\/td>\n            <td>Parte superior<\/td>\n        <\/tr>\n        <tr>\n            <td class=\"label\">Caracter\u00edsticas especiales<\/td>\n            <td>Conectada, geolocalizada, visibilidad a larga distancia, sustituye al tri\u00e1ngulo<\/td>\n        <\/tr>\n        <tr>\n            <td class=\"label\">Vataje<\/td>\n            <td>15 vatios<\/td>\n        <\/tr>\n    <\/table>\n<\/body>\n<\/html>\t\t\t\t\t\t\t\t<\/div>\n\t\t\t\t<\/div>\n\t\t\t\t<\/div>\n\t\t\t\t\t<\/div>\n\t\t\t\t<\/div>\n\t\t<div class=\"elementor-element elementor-element-d50a3bb e-flex e-con-boxed e-con e-parent\" data-id=\"d50a3bb\" data-element_type=\"container\" data-settings=\"{&quot;ekit_has_onepagescroll_dot&quot;:&quot;yes&quot;}\">\n\t\t\t\t\t<div class=\"e-con-inner\">\n\t\t\t\t<div class=\"elementor-element elementor-element-f3e2552 elementor-widget elementor-widget-image\" data-id=\"f3e2552\" data-element_type=\"widget\" data-settings=\"{&quot;ekit_we_effect_on&quot;:&quot;none&quot;}\" data-widget_type=\"image.default\">\n\t\t\t\t<div class=\"elementor-widget-container\">\n\t\t\t\t\t\t\t\t\t\t\t\t\t\t\t<img fetchpriority=\"high\" decoding=\"async\" width=\"1464\" height=\"600\" src=\"https:\/\/shopxclusive.shop\/wp-content\/uploads\/2026\/04\/4336372a-74b2-45ee-ac43-6889f6e94bd9.__CR001464600_PT0_SX1464_V1___.png\" class=\"attachment-full size-full wp-image-3395 wvs-archive-product-image\" alt=\"\" srcset=\"https:\/\/shopxclusive.shop\/wp-content\/uploads\/2026\/04\/4336372a-74b2-45ee-ac43-6889f6e94bd9.__CR001464600_PT0_SX1464_V1___.png 1464w, https:\/\/shopxclusive.shop\/wp-content\/uploads\/2026\/04\/4336372a-74b2-45ee-ac43-6889f6e94bd9.__CR001464600_PT0_SX1464_V1___-300x123.png 300w, https:\/\/shopxclusive.shop\/wp-content\/uploads\/2026\/04\/4336372a-74b2-45ee-ac43-6889f6e94bd9.__CR001464600_PT0_SX1464_V1___-1024x420.png 1024w, https:\/\/shopxclusive.shop\/wp-content\/uploads\/2026\/04\/4336372a-74b2-45ee-ac43-6889f6e94bd9.__CR001464600_PT0_SX1464_V1___-768x315.png 768w, https:\/\/shopxclusive.shop\/wp-content\/uploads\/2026\/04\/4336372a-74b2-45ee-ac43-6889f6e94bd9.__CR001464600_PT0_SX1464_V1___-18x7.png 18w, https:\/\/shopxclusive.shop\/wp-content\/uploads\/2026\/04\/4336372a-74b2-45ee-ac43-6889f6e94bd9.__CR001464600_PT0_SX1464_V1___-110x45.png 110w, https:\/\/shopxclusive.shop\/wp-content\/uploads\/2026\/04\/4336372a-74b2-45ee-ac43-6889f6e94bd9.__CR001464600_PT0_SX1464_V1___-60x25.png 60w, https:\/\/shopxclusive.shop\/wp-content\/uploads\/2026\/04\/4336372a-74b2-45ee-ac43-6889f6e94bd9.__CR001464600_PT0_SX1464_V1___-600x246.png 600w\" sizes=\"(max-width: 1464px) 100vw, 1464px\" \/>\t\t\t\t\t\t\t\t\t\t\t\t\t\t\t<\/div>\n\t\t\t\t<\/div>\n\t\t\t\t<div class=\"elementor-element elementor-element-1b85e984 elementor-widget elementor-widget-image\" data-id=\"1b85e984\" data-element_type=\"widget\" data-settings=\"{&quot;ekit_we_effect_on&quot;:&quot;none&quot;}\" data-widget_type=\"image.default\">\n\t\t\t\t<div class=\"elementor-widget-container\">\n\t\t\t\t\t\t\t\t\t\t\t\t\t\t\t<img decoding=\"async\" width=\"1464\" height=\"600\" src=\"https:\/\/shopxclusive.shop\/wp-content\/uploads\/2026\/04\/f44c2234-4492-4e77-9a12-fa161747f53b.__CR001464600_PT0_SX1464_V1___.png\" class=\"attachment-full size-full wp-image-3396 wvs-archive-product-image\" alt=\"\" srcset=\"https:\/\/shopxclusive.shop\/wp-content\/uploads\/2026\/04\/f44c2234-4492-4e77-9a12-fa161747f53b.__CR001464600_PT0_SX1464_V1___.png 1464w, https:\/\/shopxclusive.shop\/wp-content\/uploads\/2026\/04\/f44c2234-4492-4e77-9a12-fa161747f53b.__CR001464600_PT0_SX1464_V1___-300x123.png 300w, https:\/\/shopxclusive.shop\/wp-content\/uploads\/2026\/04\/f44c2234-4492-4e77-9a12-fa161747f53b.__CR001464600_PT0_SX1464_V1___-1024x420.png 1024w, https:\/\/shopxclusive.shop\/wp-content\/uploads\/2026\/04\/f44c2234-4492-4e77-9a12-fa161747f53b.__CR001464600_PT0_SX1464_V1___-768x315.png 768w, https:\/\/shopxclusive.shop\/wp-content\/uploads\/2026\/04\/f44c2234-4492-4e77-9a12-fa161747f53b.__CR001464600_PT0_SX1464_V1___-18x7.png 18w, https:\/\/shopxclusive.shop\/wp-content\/uploads\/2026\/04\/f44c2234-4492-4e77-9a12-fa161747f53b.__CR001464600_PT0_SX1464_V1___-110x45.png 110w, https:\/\/shopxclusive.shop\/wp-content\/uploads\/2026\/04\/f44c2234-4492-4e77-9a12-fa161747f53b.__CR001464600_PT0_SX1464_V1___-60x25.png 60w, https:\/\/shopxclusive.shop\/wp-content\/uploads\/2026\/04\/f44c2234-4492-4e77-9a12-fa161747f53b.__CR001464600_PT0_SX1464_V1___-600x246.png 600w\" sizes=\"(max-width: 1464px) 100vw, 1464px\" \/>\t\t\t\t\t\t\t\t\t\t\t\t\t\t\t<\/div>\n\t\t\t\t<\/div>\n\t\t\t\t<div class=\"elementor-element elementor-element-2f510bc6 elementor--h-position-center elementor--v-position-middle elementor-arrows-position-inside elementor-pagination-position-inside elementor-widget elementor-widget-slides\" data-id=\"2f510bc6\" data-element_type=\"widget\" data-settings=\"{&quot;navigation&quot;:&quot;both&quot;,&quot;autoplay&quot;:&quot;yes&quot;,&quot;pause_on_hover&quot;:&quot;yes&quot;,&quot;pause_on_interaction&quot;:&quot;yes&quot;,&quot;autoplay_speed&quot;:5000,&quot;infinite&quot;:&quot;yes&quot;,&quot;transition&quot;:&quot;slide&quot;,&quot;transition_speed&quot;:500,&quot;ekit_we_effect_on&quot;:&quot;none&quot;}\" data-widget_type=\"slides.default\">\n\t\t\t\t<div class=\"elementor-widget-container\">\n\t\t\t\t\t\t\t\t\t<div class=\"elementor-swiper\">\n\t\t\t\t\t<div class=\"elementor-slides-wrapper elementor-main-swiper swiper\" role=\"region\" aria-roledescription=\"carousel\" aria-label=\"Diapositivas\" dir=\"ltr\" data-animation=\"fadeInUp\">\n\t\t\t\t<div class=\"swiper-wrapper elementor-slides\">\n\t\t\t\t\t\t\t\t\t\t<div class=\"elementor-repeater-item-c5c5c98 swiper-slide\" role=\"group\" aria-roledescription=\"slide\"><div class=\"swiper-slide-bg\" role=\"img\"><\/div><div class=\"swiper-slide-inner\" ><div class=\"swiper-slide-contents\"><\/div><\/div><\/div><div class=\"elementor-repeater-item-c6e272c swiper-slide\" role=\"group\" aria-roledescription=\"slide\"><div class=\"swiper-slide-bg\" role=\"img\"><\/div><div class=\"swiper-slide-inner\" ><div class=\"swiper-slide-contents\"><\/div><\/div><\/div><div class=\"elementor-repeater-item-7d91eb0 swiper-slide\" role=\"group\" aria-roledescription=\"slide\"><div class=\"swiper-slide-bg\" role=\"img\"><\/div><div class=\"swiper-slide-inner\" ><div class=\"swiper-slide-contents\"><\/div><\/div><\/div><div class=\"elementor-repeater-item-6ea7140 swiper-slide\" role=\"group\" aria-roledescription=\"slide\"><div class=\"swiper-slide-bg\" role=\"img\"><\/div><div class=\"swiper-slide-inner\" ><div class=\"swiper-slide-contents\"><\/div><\/div><\/div><div class=\"elementor-repeater-item-fd3b5bd swiper-slide\" role=\"group\" aria-roledescription=\"slide\"><div class=\"swiper-slide-bg\" role=\"img\"><\/div><div class=\"swiper-slide-inner\" ><div class=\"swiper-slide-contents\"><\/div><\/div><\/div><div class=\"elementor-repeater-item-c6f46d1 swiper-slide\" role=\"group\" aria-roledescription=\"slide\"><div class=\"swiper-slide-bg\" role=\"img\"><\/div><div class=\"swiper-slide-inner\" ><div class=\"swiper-slide-contents\"><\/div><\/div><\/div>\t\t\t\t<\/div>\n\t\t\t\t\t\t\t\t\t\t\t\t\t\t\t<div class=\"elementor-swiper-button elementor-swiper-button-prev\" role=\"button\" tabindex=\"0\" aria-label=\"Diapositiva anterior\" data-no-translation-aria-label=\"\">\n\t\t\t\t\t\t\t<svg aria-hidden=\"true\" class=\"e-font-icon-svg e-eicon-chevron-left\" viewbox=\"0 0 1000 1000\" xmlns=\"http:\/\/www.w3.org\/2000\/svg\"><path d=\"M646 125C629 125 613 133 604 142L308 442C296 454 292 471 292 487 292 504 296 521 308 533L604 854C617 867 629 875 646 875 663 875 679 871 692 858 704 846 713 829 713 812 713 796 708 779 692 767L438 487 692 225C700 217 708 204 708 187 708 171 704 154 692 142 675 129 663 125 646 125Z\"><\/path><\/svg>\t\t\t\t\t\t<\/div>\n\t\t\t\t\t\t<div class=\"elementor-swiper-button elementor-swiper-button-next\" role=\"button\" tabindex=\"0\" aria-label=\"Siguiente diapositiva\" data-no-translation-aria-label=\"\">\n\t\t\t\t\t\t\t<svg aria-hidden=\"true\" class=\"e-font-icon-svg e-eicon-chevron-right\" viewbox=\"0 0 1000 1000\" xmlns=\"http:\/\/www.w3.org\/2000\/svg\"><path d=\"M696 533C708 521 713 504 713 487 713 471 708 454 696 446L400 146C388 133 375 125 354 125 338 125 325 129 313 142 300 154 292 171 292 187 292 204 296 221 308 233L563 492 304 771C292 783 288 800 288 817 288 833 296 850 308 863 321 871 338 875 354 875 371 875 388 867 400 854L696 533Z\"><\/path><\/svg>\t\t\t\t\t\t<\/div>\n\t\t\t\t\t\t\t\t\t\t\t\t\t\t\t\t<div class=\"swiper-pagination\"><\/div>\n\t\t\t\t\t\t\t\t\t\t\t\t<\/div>\n\t\t\t\t<\/div>\n\t\t\t\t\t\t\t\t<\/div>\n\t\t\t\t<\/div>\n\t\t\t\t<div class=\"elementor-element elementor-element-5b66ad5b elementor-widget elementor-widget-image\" data-id=\"5b66ad5b\" data-element_type=\"widget\" data-settings=\"{&quot;ekit_we_effect_on&quot;:&quot;none&quot;}\" data-widget_type=\"image.default\">\n\t\t\t\t<div class=\"elementor-widget-container\">\n\t\t\t\t\t\t\t\t\t\t\t\t\t\t\t<img decoding=\"async\" width=\"1464\" height=\"600\" src=\"https:\/\/shopxclusive.shop\/wp-content\/uploads\/2026\/04\/2a47d962-b7ce-4d00-8dfd-6927b186bcf6.__CR001464600_PT0_SX1464_V1___.png\" class=\"attachment-full size-full wp-image-3404 wvs-archive-product-image\" alt=\"\" srcset=\"https:\/\/shopxclusive.shop\/wp-content\/uploads\/2026\/04\/2a47d962-b7ce-4d00-8dfd-6927b186bcf6.__CR001464600_PT0_SX1464_V1___.png 1464w, https:\/\/shopxclusive.shop\/wp-content\/uploads\/2026\/04\/2a47d962-b7ce-4d00-8dfd-6927b186bcf6.__CR001464600_PT0_SX1464_V1___-300x123.png 300w, https:\/\/shopxclusive.shop\/wp-content\/uploads\/2026\/04\/2a47d962-b7ce-4d00-8dfd-6927b186bcf6.__CR001464600_PT0_SX1464_V1___-1024x420.png 1024w, https:\/\/shopxclusive.shop\/wp-content\/uploads\/2026\/04\/2a47d962-b7ce-4d00-8dfd-6927b186bcf6.__CR001464600_PT0_SX1464_V1___-768x315.png 768w, https:\/\/shopxclusive.shop\/wp-content\/uploads\/2026\/04\/2a47d962-b7ce-4d00-8dfd-6927b186bcf6.__CR001464600_PT0_SX1464_V1___-18x7.png 18w, https:\/\/shopxclusive.shop\/wp-content\/uploads\/2026\/04\/2a47d962-b7ce-4d00-8dfd-6927b186bcf6.__CR001464600_PT0_SX1464_V1___-110x45.png 110w, https:\/\/shopxclusive.shop\/wp-content\/uploads\/2026\/04\/2a47d962-b7ce-4d00-8dfd-6927b186bcf6.__CR001464600_PT0_SX1464_V1___-60x25.png 60w, https:\/\/shopxclusive.shop\/wp-content\/uploads\/2026\/04\/2a47d962-b7ce-4d00-8dfd-6927b186bcf6.__CR001464600_PT0_SX1464_V1___-600x246.png 600w\" sizes=\"(max-width: 1464px) 100vw, 1464px\" \/>\t\t\t\t\t\t\t\t\t\t\t\t\t\t\t<\/div>\n\t\t\t\t<\/div>\n\t\t\t\t\t<\/div>\n\t\t\t\t<\/div>\n\t\t\t\t<\/div>","protected":false},"excerpt":{"rendered":"<p class=\"ds-markdown-paragraph\"><strong>Sobre este producto<\/strong><\/p>\n<p class=\"ds-markdown-paragraph\"><strong>eSIM AN\u00d3NIMA<\/strong>: Incluye eSIM con geolocalizaci\u00f3n gratuita hasta 2038. Transmite tu ubicaci\u00f3n autom\u00e1ticamente en emergencias.<\/p>\n<p class=\"ds-markdown-paragraph\"><strong>CONEXI\u00d3N DGT Y GEOLOCALIZACI\u00d3N<\/strong>: Baliza V16 homologada que env\u00eda tu posici\u00f3n en tiempo real a la DGT, cumpliendo la normativa obligatoria a partir de 2026.<\/p>\n<p class=\"ds-markdown-paragraph\"><strong>ALTA VISIBILIDAD<\/strong>: Destellos potentes visibles a m\u00e1s de 1 km. Homologada y de uso obligatorio desde 2026.<\/p>\n<p class=\"ds-markdown-paragraph\"><strong>GRAN AUTONOM\u00cdA<\/strong>: Bater\u00eda de 9V para mayor duraci\u00f3n y protecci\u00f3n continua.<\/p>\n<p class=\"ds-markdown-paragraph\"><strong>INSTALACI\u00d3N F\u00c1CIL<\/strong>: Base magn\u00e9tica\/adesiva para colocar en cualquier veh\u00edculo, resistente a todas las condiciones clim\u00e1ticas.<\/p>","protected":false},"featured_media":3382,"comment_status":"open","ping_status":"closed","template":"","meta":{"_acf_changed":false},"product_brand":[],"product_cat":[35],"product_tag":[],"class_list":{"0":"post-3377","1":"product","2":"type-product","3":"status-publish","4":"has-post-thumbnail","6":"product_cat-sale","8":"first","9":"instock","10":"sale","11":"shipping-taxable","12":"purchasable","13":"product-type-variable","14":"has-default-attributes","15":"wvs-archive-product-wrapper"},"acf":[],"_links":{"self":[{"href":"https:\/\/shopxclusive.shop\/es\/wp-json\/wp\/v2\/product\/3377","targetHints":{"allow":["GET"]}}],"collection":[{"href":"https:\/\/shopxclusive.shop\/es\/wp-json\/wp\/v2\/product"}],"about":[{"href":"https:\/\/shopxclusive.shop\/es\/wp-json\/wp\/v2\/types\/product"}],"replies":[{"embeddable":true,"href":"https:\/\/shopxclusive.shop\/es\/wp-json\/wp\/v2\/comments?post=3377"}],"version-history":[{"count":0,"href":"https:\/\/shopxclusive.shop\/es\/wp-json\/wp\/v2\/product\/3377\/revisions"}],"wp:featuredmedia":[{"embeddable":true,"href":"https:\/\/shopxclusive.shop\/es\/wp-json\/wp\/v2\/media\/3382"}],"wp:attachment":[{"href":"https:\/\/shopxclusive.shop\/es\/wp-json\/wp\/v2\/media?parent=3377"}],"wp:term":[{"taxonomy":"product_brand","embeddable":true,"href":"https:\/\/shopxclusive.shop\/es\/wp-json\/wp\/v2\/product_brand?post=3377"},{"taxonomy":"product_cat","embeddable":true,"href":"https:\/\/shopxclusive.shop\/es\/wp-json\/wp\/v2\/product_cat?post=3377"},{"taxonomy":"product_tag","embeddable":true,"href":"https:\/\/shopxclusive.shop\/es\/wp-json\/wp\/v2\/product_tag?post=3377"}],"curies":[{"name":"wp","href":"https:\/\/api.w.org\/{rel}","templated":true}]}}